{"id":981,"date":"2022-10-11T16:44:18","date_gmt":"2022-10-11T14:44:18","guid":{"rendered":"https:\/\/get.braillard.ch\/?post_type=product&#038;p=981"},"modified":"2023-12-22T12:25:06","modified_gmt":"2023-12-22T11:25:06","slug":"charlotte-perriand-carnet-de-montagne","status":"publish","type":"product","link":"https:\/\/get.braillard.ch\/en\/produit\/charlotte-perriand-carnet-de-montagne\/","title":{"rendered":"Charlotte Perriand | Carnet de montagne"},"content":{"rendered":"<p style=\"margin-top: 0cm;\"><span lang=\"FR\" style=\"font-size: 12.0pt; font-family: 'Arial',sans-serif; color: black;\">Figure majeure de la cr\u00e9ation moderne, Charlotte Perriand a laiss\u00e9 une empreinte profonde dans l\u2019histoire du design. Ce \u00abCarnet de montagne\u00bb lui rend hommage. Un hommage \u00e0 une femme farouchement libre, id\u00e9aliste, amoureuse de la vie et r\u00e9solument tourn\u00e9e vers le futur. Et plus encore \u00e0 son \u0153uvre, reflet d\u2019une libert\u00e9 de penser et de cr\u00e9er en prise avec les ressources et les contraintes du cadre prestigieux de la haute montagne.<\/span><\/p>\n<p style=\"margin-top: 0cm;\"><span lang=\"FR\" style=\"font-size: 12.0pt; font-family: 'Arial',sans-serif; color: black;\">Charlotte Perriand avait le go\u00fbt de la montagne au contact de laquelle elle trouvait ressourcement et autonomie. Mais aussi l\u2019\u00e9nergie et l\u2019exigence morale pour inventer, \u00e0 l\u2019adresse de l\u2019homme contemporain, des espaces de vie fonctionnels, simples et commodes adapt\u00e9s aux conditions et aux rigueurs de l\u2019altitude. <\/span><\/p>\n<p style=\"margin-top: 0cm;\"><span lang=\"FR\" style=\"font-size: 12.0pt; font-family: 'Arial',sans-serif; color: black;\">Ce carnet est une invitation \u00e0 d\u00e9couvrir ce rapport passionn\u00e9 et aventurier que Charlotte Perriand a entretenu, tout au long de sa vie, avec la montagne. La montagne comme lieu d\u2019enchantement esth\u00e9tique, de d\u00e9tente et d\u2019\u00e9quilibre psychique. Mais aussi la montagne comme lieu de d\u00e9passement de soi, d\u2019efforts mesur\u00e9s et coordonn\u00e9s en prise avec un cadre naturel d\u2019exception. La montagne comme formatrice d\u2019une \u00e9thique de vie et de cr\u00e9ation. Mais la montagne aussi comme espace de libert\u00e9 propre \u00e0 inspirer des am\u00e9nagements int\u00e9rieurs qui soient des supports \u00e0 des formes de vie d\u00e9tach\u00e9es du carcan des conventions, des espaces en ce sens vivant qu\u2019ils allient rigueur, simplicit\u00e9 et naturel.<\/span><\/p>\n","protected":false},"excerpt":{"rendered":"<p>Figure majeure de la cr\u00e9ation moderne, Charlotte Perriand a laiss\u00e9 une empreinte profonde dans l\u2019histoire du design. Ce \u00abCarnet de montagne\u00bb lui rend hommage. Un hommage \u00e0 une femme farouchement libre, id\u00e9aliste, amoureuse de la vie et r\u00e9solument tourn\u00e9e vers le futur. Et plus encore \u00e0 son \u0153uvre, reflet d\u2019une libert\u00e9 de penser et de [&hellip;]<\/p>\n","protected":false},"featured_media":982,"template":"","meta":[],"product_cat":[48,49],"product_tag":[],"class_list":{"0":"post-981","1":"product","2":"type-product","3":"status-publish","4":"has-post-thumbnail","6":"product_cat-boutique-de-la-fondation","7":"product_cat-livres","8":"product_shipping_class-envoi-normal","10":"first","11":"outofstock","12":"sold-individually","13":"taxable","14":"shipping-taxable","15":"purchasable","16":"product-type-simple"},"acf":[],"_links":{"self":[{"href":"https:\/\/get.braillard.ch\/en\/wp-json\/wp\/v2\/product\/981","targetHints":{"allow":["GET"]}}],"collection":[{"href":"https:\/\/get.braillard.ch\/en\/wp-json\/wp\/v2\/product"}],"about":[{"href":"https:\/\/get.braillard.ch\/en\/wp-json\/wp\/v2\/types\/product"}],"wp:featuredmedia":[{"embeddable":true,"href":"https:\/\/get.braillard.ch\/en\/wp-json\/wp\/v2\/media\/982"}],"wp:attachment":[{"href":"https:\/\/get.braillard.ch\/en\/wp-json\/wp\/v2\/media?parent=981"}],"wp:term":[{"taxonomy":"product_cat","embeddable":true,"href":"https:\/\/get.braillard.ch\/en\/wp-json\/wp\/v2\/product_cat?post=981"},{"taxonomy":"product_tag","embeddable":true,"href":"https:\/\/get.braillard.ch\/en\/wp-json\/wp\/v2\/product_tag?post=981"}],"curies":[{"name":"wp","href":"https:\/\/api.w.org\/{rel}","templated":true}]}}