{"id":976,"date":"2022-10-11T16:39:17","date_gmt":"2022-10-11T14:39:17","guid":{"rendered":"https:\/\/get.braillard.ch\/?post_type=product&#038;p=976"},"modified":"2022-11-15T12:39:54","modified_gmt":"2022-11-15T11:39:54","slug":"entre-terres-et-ciel-le-site-du-telepherique-du-saleve","status":"publish","type":"product","link":"https:\/\/get.braillard.ch\/en\/produit\/entre-terres-et-ciel-le-site-du-telepherique-du-saleve\/","title":{"rendered":"Entre terres et ciel. Le site du t\u00e9l\u00e9ph\u00e9rique du Sal\u00e8ve \u2013 Concours d&#8217;id\u00e9es pour \u00e9tudiants europ\u00e9ens"},"content":{"rendered":"<p>Un concours d\u2019id\u00e9e pour un site h\u00e9t\u00e9rog\u00e8ne et une mosa\u00efque de probl\u00e8mes. Un concours pour explorer les composantes et les interrelations d\u2019espaces divers. Un concours enfin pour identifier un potentiel et d\u00e9gager des pistes de r\u00e9flexion.<\/p>\n<p>Ce sont ainsi pas moins de 30 propositions d\u00e9velopp\u00e9es par autant d\u2019\u00e9quipes parfois pluridisciplinaires qui sont regroup\u00e9es dans cette brochure.<\/p>\n<p>L\u2019objectif \u00e9tait de permettre \u00e0 l\u2019imagination de jeunes architectes de se confronter \u00e0 des questions diversifi\u00e9es et complexes. Plus largement, il s\u2019est agi de tester des suggestions afin de r\u00e9inventer les sites reli\u00e9s et franchis par le t\u00e9l\u00e9ph\u00e9rique du Sal\u00e8ve. D\u2019explorer les ressources et le devenir d\u2019un territoire singulier \u00e0 partir de ses diff\u00e9rentes composantes, de leurs interrelations et interactions. En peu de mots, provoquer et nourrir le d\u00e9bat afin de d\u00e9velopper, \u00e0 terme, une strat\u00e9gie susceptible de recoudre ou de modeler les pi\u00e8ces ou mieux les s\u00e9quences d\u2019un territoire complexe. Un territoire marqu\u00e9, dans sa partie basse, par une fronti\u00e8re, des infrastructures de transports (route nationale, ligne de chemin de fer, autoroute) et une urbanisation diffuse, dans sa partie interm\u00e9diaire, par un sentier, une carri\u00e8re, une muraille, dans sa partie sommitale, par une station d\u2019arriv\u00e9e de t\u00e9l\u00e9ph\u00e9rique en forme de nid d\u2019aigle, de belv\u00e9d\u00e8re ou d\u2019observatoire du territoire genevois, un lieu d\u2019accueil des publics et une voie d\u2019acc\u00e8s au massif du Sal\u00e8ve.<\/p>\n","protected":false},"excerpt":{"rendered":"<p>Un concours d\u2019id\u00e9e pour un site h\u00e9t\u00e9rog\u00e8ne et une mosa\u00efque de probl\u00e8mes. Un concours pour explorer les composantes et les interrelations d\u2019espaces divers. Un concours enfin pour identifier un potentiel et d\u00e9gager des pistes de r\u00e9flexion. Ce sont ainsi pas moins de 30 propositions d\u00e9velopp\u00e9es par autant d\u2019\u00e9quipes parfois pluridisciplinaires qui sont regroup\u00e9es dans cette [&hellip;]<\/p>\n","protected":false},"featured_media":977,"template":"","meta":[],"product_cat":[48,49],"product_tag":[],"class_list":{"0":"post-976","1":"product","2":"type-product","3":"status-publish","4":"has-post-thumbnail","6":"product_cat-boutique-de-la-fondation","7":"product_cat-livres","8":"product_shipping_class-envoi-normal","10":"first","11":"instock","12":"taxable","13":"shipping-taxable","14":"purchasable","15":"product-type-simple"},"acf":[],"_links":{"self":[{"href":"https:\/\/get.braillard.ch\/en\/wp-json\/wp\/v2\/product\/976","targetHints":{"allow":["GET"]}}],"collection":[{"href":"https:\/\/get.braillard.ch\/en\/wp-json\/wp\/v2\/product"}],"about":[{"href":"https:\/\/get.braillard.ch\/en\/wp-json\/wp\/v2\/types\/product"}],"wp:featuredmedia":[{"embeddable":true,"href":"https:\/\/get.braillard.ch\/en\/wp-json\/wp\/v2\/media\/977"}],"wp:attachment":[{"href":"https:\/\/get.braillard.ch\/en\/wp-json\/wp\/v2\/media?parent=976"}],"wp:term":[{"taxonomy":"product_cat","embeddable":true,"href":"https:\/\/get.braillard.ch\/en\/wp-json\/wp\/v2\/product_cat?post=976"},{"taxonomy":"product_tag","embeddable":true,"href":"https:\/\/get.braillard.ch\/en\/wp-json\/wp\/v2\/product_tag?post=976"}],"curies":[{"name":"wp","href":"https:\/\/api.w.org\/{rel}","templated":true}]}}