{"id":971,"date":"2022-10-11T16:29:56","date_gmt":"2022-10-11T14:29:56","guid":{"rendered":"https:\/\/get.braillard.ch\/?post_type=product&#038;p=971"},"modified":"2026-02-02T10:28:38","modified_gmt":"2026-02-02T09:28:38","slug":"pierre-braillard-un-demi-siecle-darchitecture-a-geneve","status":"publish","type":"product","link":"https:\/\/get.braillard.ch\/en\/produit\/pierre-braillard-un-demi-siecle-darchitecture-a-geneve\/","title":{"rendered":"Pierre Braillard, un demi si\u00e8cle d&#8217;architecture \u00e0 Gen\u00e8ve"},"content":{"rendered":"<p style=\"margin-top: 0cm;\"><span lang=\"FR\" style=\"font-size: 12.0pt; font-family: 'Arial',sans-serif; color: black;\">Retracer 50 ann\u00e9es d\u2019activit\u00e9 riche et foisonnante (1930-1980) \u00e0 travers autant de notices monographiques. Pr\u00e9senter les op\u00e9rations immobili\u00e8res et les acteurs cl\u00e9s, mais aussi d\u00e9crire les points d\u2019\u00e9tude particuliers et enfin les \u0153uvres r\u00e9alis\u00e9es, voil\u00e0 les ambitions conjugu\u00e9es de Pierre Braillard. L\u2019int\u00e9r\u00eat du livre provient de cette information de premi\u00e8re main\u00a0: le lecteur entre dans le montage des op\u00e9rations, la fabrique des projets. Il appr\u00e9hende la dynamique des processus. Remarquable ensuite la qualit\u00e9 de la documentation graphique et iconographique\u00a0: largement in\u00e9dites et tir\u00e9e du riche fonds de la Fondation Braillard Architectes. <\/span><\/p>\n<p style=\"margin-top: 0cm;\"><span lang=\"FR\" style=\"font-size: 12.0pt; font-family: 'Arial',sans-serif; color: black;\">La premi\u00e8re p\u00e9riode d\u2019activit\u00e9 entre 1930 et 1950 porte la marque du p\u00e8re, le c\u00e9l\u00e8bre architecte, urbaniste et homme politique Maurice Braillard. La seconde qui correspond aux ann\u00e9es 1950 et 1960 voit l\u2019affirmation d\u2019une identit\u00e9 propre. D\u00e9sormais Pierre Braillard d\u00e9ploie un go\u00fbt prononc\u00e9 pour l\u2019innovation, la recherche et, plus encore, un sens marqu\u00e9 pour le raffinement constructif et formel.<\/span><\/p>\n<p style=\"margin-top: 0cm;\"><span lang=\"FR\" style=\"font-size: 12.0pt; font-family: 'Arial',sans-serif; color: black;\">Profitant \u00e0 plein de l\u2019essor de la Gen\u00e8ve place financi\u00e8re et de la Gen\u00e8ve ville internationale, il construit des immeubles administratifs dans des situations en vue. Parmi les plus marquants, dans la rade, la Discount Bank, la Pax Assurance, l\u2019immeuble de la Zurich Assurance ou encore la banque Paribas. Dans le quartier des organisations internationales, l\u2019immeuble du BIRPI et, bien s\u00fbr, l\u2019embl\u00e9matique tour incurv\u00e9e de l\u2019OMPI en surplomb de la place des Nations. <\/span><\/p>\n<p style=\"margin-top: 0cm;\"><span lang=\"FR\" style=\"font-size: 12.0pt; font-family: 'Arial',sans-serif; color: black;\">Autre domaine de pr\u00e9dilection\u00a0: le logement collectif. Avec son p\u00e8re, Pierre r\u00e9alise l\u2019immeuble de la rue des Contamines et, \u00e0 proximit\u00e9 du parc de la Perle, le square Ch\u00e2teau Banquet. Puis seul, un ensemble pour le compte de la SCCU (une coop\u00e9rative d\u2019habitation dont il est membre fondateur), un autre le long de la rue du Cheval-Blanc et encore l\u2019op\u00e9ration des Pierres-du-Niton. Autant de programmes complexes associant habitat, \u00e9quipements et surfaces commerciales. Autant d\u2019espaces r\u00e9sidentiels qui, \u00e0 ces titres, participent \u00e0 la ville dense et \u00e0 son urbanit\u00e9.<\/span><\/p>\n","protected":false},"excerpt":{"rendered":"<p>Retracer 50 ann\u00e9es d\u2019activit\u00e9 riche et foisonnante (1930-1980) \u00e0 travers autant de notices monographiques. Pr\u00e9senter les op\u00e9rations immobili\u00e8res et les acteurs cl\u00e9s, mais aussi d\u00e9crire les points d\u2019\u00e9tude particuliers et enfin les \u0153uvres r\u00e9alis\u00e9es, voil\u00e0 les ambitions conjugu\u00e9es de Pierre Braillard. L\u2019int\u00e9r\u00eat du livre provient de cette information de premi\u00e8re main\u00a0: le lecteur entre dans [&hellip;]<\/p>\n","protected":false},"featured_media":972,"template":"","meta":[],"product_cat":[48,49],"product_tag":[59],"class_list":{"0":"post-971","1":"product","2":"type-product","3":"status-publish","4":"has-post-thumbnail","6":"product_cat-boutique-de-la-fondation","7":"product_cat-livres","8":"product_tag-architectes-braillard","9":"product_shipping_class-envoi-normal","11":"first","12":"instock","13":"taxable","14":"shipping-taxable","15":"purchasable","16":"product-type-simple"},"acf":[],"_links":{"self":[{"href":"https:\/\/get.braillard.ch\/en\/wp-json\/wp\/v2\/product\/971","targetHints":{"allow":["GET"]}}],"collection":[{"href":"https:\/\/get.braillard.ch\/en\/wp-json\/wp\/v2\/product"}],"about":[{"href":"https:\/\/get.braillard.ch\/en\/wp-json\/wp\/v2\/types\/product"}],"wp:featuredmedia":[{"embeddable":true,"href":"https:\/\/get.braillard.ch\/en\/wp-json\/wp\/v2\/media\/972"}],"wp:attachment":[{"href":"https:\/\/get.braillard.ch\/en\/wp-json\/wp\/v2\/media?parent=971"}],"wp:term":[{"taxonomy":"product_cat","embeddable":true,"href":"https:\/\/get.braillard.ch\/en\/wp-json\/wp\/v2\/product_cat?post=971"},{"taxonomy":"product_tag","embeddable":true,"href":"https:\/\/get.braillard.ch\/en\/wp-json\/wp\/v2\/product_tag?post=971"}],"curies":[{"name":"wp","href":"https:\/\/api.w.org\/{rel}","templated":true}]}}