{"id":966,"date":"2022-10-11T16:26:07","date_gmt":"2022-10-11T14:26:07","guid":{"rendered":"https:\/\/get.braillard.ch\/?post_type=product&#038;p=966"},"modified":"2023-12-10T20:12:49","modified_gmt":"2023-12-10T19:12:49","slug":"maurice-braillard-et-ses-urbanistes","status":"publish","type":"product","link":"https:\/\/get.braillard.ch\/en\/produit\/maurice-braillard-et-ses-urbanistes\/","title":{"rendered":"Maurice Braillard et ses urbanistes. Puissance visionnaire et strat\u00e9gies de gestions urbaine (Gen\u00e8ve 1929-1936)"},"content":{"rendered":"<p>Enjeu de la nouvelle Gen\u00e8ve, p\u00e9remptoire et intemporel, le\u00a0<a href=\"https:\/\/braillard.ch\/le-plan-directeur\/\"><em>Plan directeur<\/em><\/a>\u00a0de 1935 associe quatre urbanistes: Maurice Braillard, chef du D\u00e9partement des Travaux Publics, Albert Bodmer, Hans Bernoulli et Arnold Hoechel. Avec ce plan singulier, \u00e9labor\u00e9 au sein du gouvernement socialiste de L\u00e9on Nicole, s\u2019accomplit une r\u00e9flexion sur le th\u00e8me du\u00a0<em>rajeunissement des villes<\/em>\u00a0que Braillard et ses partenaires ont d\u00e9velopp\u00e9 ensemble d\u00e8s 1929. Confront\u00e9s \u00e0 cette probl\u00e9matique in\u00e9dite, ils op\u00e8rent une refondation de leurs savoirs techniques et conceptuels, en r\u00e9inventant leurs r\u00f4les non seulement d\u2019architectes et d\u2019urbanistes, mais aussi de fonctionnaires, d\u2019hommes politiques et d\u2019intellectuels. En faisant rencontrer les traditions urbanistiques europ\u00e9ennes et la le\u00e7on am\u00e9ricaine, Gen\u00e8ve se mue en v\u00e9ritable laboratoire d\u2019exp\u00e9rimentation. L\u2019aspiration \u00e0 une modernit\u00e9 internationale intransigeante, l\u2019ancrage aux permanences territoriales et la sauvegarde du paysage se combinent dans une vision territoriale d\u2019une rare envergure.<\/p>\n","protected":false},"excerpt":{"rendered":"<p>Enjeu de la nouvelle Gen\u00e8ve, p\u00e9remptoire et intemporel, le\u00a0Plan directeur\u00a0de 1935 associe quatre urbanistes: Maurice Braillard, chef du D\u00e9partement des Travaux Publics, Albert Bodmer, Hans Bernoulli et Arnold Hoechel. Avec ce plan singulier, \u00e9labor\u00e9 au sein du gouvernement socialiste de L\u00e9on Nicole, s\u2019accomplit une r\u00e9flexion sur le th\u00e8me du\u00a0rajeunissement des villes\u00a0que Braillard et ses partenaires [&hellip;]<\/p>\n","protected":false},"featured_media":967,"template":"","meta":[],"product_cat":[48,49],"product_tag":[59],"class_list":{"0":"post-966","1":"product","2":"type-product","3":"status-publish","4":"has-post-thumbnail","6":"product_cat-boutique-de-la-fondation","7":"product_cat-livres","8":"product_tag-architectes-braillard","9":"product_shipping_class-envoi-normal","11":"first","12":"instock","13":"taxable","14":"shipping-taxable","15":"purchasable","16":"product-type-simple"},"acf":[],"_links":{"self":[{"href":"https:\/\/get.braillard.ch\/en\/wp-json\/wp\/v2\/product\/966","targetHints":{"allow":["GET"]}}],"collection":[{"href":"https:\/\/get.braillard.ch\/en\/wp-json\/wp\/v2\/product"}],"about":[{"href":"https:\/\/get.braillard.ch\/en\/wp-json\/wp\/v2\/types\/product"}],"wp:featuredmedia":[{"embeddable":true,"href":"https:\/\/get.braillard.ch\/en\/wp-json\/wp\/v2\/media\/967"}],"wp:attachment":[{"href":"https:\/\/get.braillard.ch\/en\/wp-json\/wp\/v2\/media?parent=966"}],"wp:term":[{"taxonomy":"product_cat","embeddable":true,"href":"https:\/\/get.braillard.ch\/en\/wp-json\/wp\/v2\/product_cat?post=966"},{"taxonomy":"product_tag","embeddable":true,"href":"https:\/\/get.braillard.ch\/en\/wp-json\/wp\/v2\/product_tag?post=966"}],"curies":[{"name":"wp","href":"https:\/\/api.w.org\/{rel}","templated":true}]}}