{"id":961,"date":"2022-10-11T16:01:19","date_gmt":"2022-10-11T14:01:19","guid":{"rendered":"https:\/\/get.braillard.ch\/?post_type=product&#038;p=961"},"modified":"2026-02-02T10:28:38","modified_gmt":"2026-02-02T09:28:38","slug":"sept-visions-prospectives-pour-le-grand-geneve","status":"publish","type":"product","link":"https:\/\/get.braillard.ch\/en\/produit\/sept-visions-prospectives-pour-le-grand-geneve\/","title":{"rendered":"Sept visions prospectives pour le Grand Gen\u00e8ve"},"content":{"rendered":"<p>Cahier sp\u00e9cial B\u00e2tisseur Suisses \u2013 Projets (suppl\u00e9ment de la revue <em>Trac\u00e9s<\/em>, revue suisse romande des cultures et techniques du b\u00e2ti n\u00b06\/2021)<\/p>\n<p>Quelle forme aura la m\u00e9tropole genevoise \u00e0 l\u2019horizon 2050? Comment allons-nous nous loger, travailler, d\u00e9placer? Quel sera le r\u00f4le de l\u2019architecte, de l\u2019urbaniste et du paysagiste dans un contexte marqu\u00e9 par la transition \u00e9cologique?<\/p>\n<p>La revue Trac\u00e9s apporte dans ce cahier sp\u00e9cial des r\u00e9ponses issues de la consultation internationale \u00abVisions prospectives pour le Grand Gen\u00e8ve. Habiter la ville-paysage du 21<sup>e<\/sup> si\u00e8cle\u00bb. Une consultation internationale et interdisciplinaire qui avait pour ambition<\/p>\n<ul>\n<li>de r\u00e9unir des \u00e9l\u00e9ments de connaissance<\/li>\n<li>de d\u00e9velopper des visions strat\u00e9giques d\u2019am\u00e9nagement, autrement dit, des sc\u00e9narios<\/li>\n<\/ul>\n<p>pour le d\u00e9veloppement durable de l\u2019agglom\u00e9ration franco-valdo-genevoise.<\/p>\n<p>Le r\u00e9sultat est un ensemble coh\u00e9rent de productions \u00e0 la fois th\u00e9oriques\/conceptuelles et pratiques\/op\u00e9rationnelles \u00e0 trois \u00e9chelles: celle du grand territoire, de la ville et du quartier, de l\u2019architecture et du b\u00e2timent.<\/p>\n<p>L\u2019agglom\u00e9ration franco-valdo-genevoise s\u2019illustre par la qualit\u00e9 de son cadre b\u00e2ti et naturel, son dynamisme \u00e9conomique et d\u00e9mographique, son rayonnement politique et humaniste. Appliqu\u00e9 \u00e0 un tel contexte, les r\u00e9flexions et propositions acqui\u00e8rent une qualit\u00e9 de mod\u00e8le. Un mod\u00e8le propre \u00e0 transcender le cadre local, l\u2019ici et le maintenant, pour dessiner les contours de la ville-paysage id\u00e9ale du XXIe si\u00e8cle.<\/p>\n<p>Recherches pr\u00e9sent\u00e9es:<\/p>\n<p><em>&#8211; <a href=\"https:\/\/braillard.ch\/trombinoscope\/grand-geneve-et-son-sol-propriete-ecologie-et-identite\/\">Grand Gen\u00e8ve: un sol commun<\/a><\/em> Milica Topalovic et la Chaire d\u2019architecture et d\u2019am\u00e9nagement du territoire EPF-Z\u00fcrich, Florian Hertweck et le Master en architecture -Universit\u00e9 du Luxembourg, avec Raumbureau<\/p>\n<p>&#8211; <a href=\"https:\/\/braillard.ch\/trombinoscope\/la-grande-traversee-a-la-recherche-des-ecologies-singulieres\/\"><em>La grande travers\u00e9e<\/em><\/a> Franck Hulliard Interland, avec Bazar Urbain, Contrepoint, Coloco, Coop\u00e9rative Equilibre, Ecole urbaine de Lyon<\/p>\n<p>&#8211; <a href=\"https:\/\/braillard.ch\/trombinoscope\/metaboliser-les-invisibles\/\"><em>M\u00e9taboliser les invisibles<\/em><\/a> Marc et Matthias Armengaud, AWP agence de reconfiguration territoriale. Dieter Dietz laboratoire ALICE-EPF-Lausanne<\/p>\n<p><em>&#8211; <a href=\"https:\/\/braillard.ch\/trombinoscope\/energy-landscapes\/\">Energy Landscape <\/a><\/em>Oscar Buson, Raum 404, avec Lorenzo Stieger et Sascha Roesler, Universit\u00e9 de la Suisse italienne, Giulia Scotto, Universit\u00e9 de B\u00e2le, Lorenz Eugster Landschaftsarchitektur und St\u00e4dtebau, Emch+Berger, Drees &amp; Sommer<\/p>\n<p>&#8211; <a href=\"https:\/\/braillard.ch\/trombinoscope\/contrees-ressources\/\"><em>Contr\u00e9es Ressources <\/em><\/a>Nathalie Mong\u00e9, Apaar, Sofies, 6t, Team Academy HES-SO<\/p>\n<p>&#8211; <a href=\"https:\/\/braillard.ch\/trombinoscope\/du-sol-et-du-travail-la-transition-un-nouveau-projet-biopolitique\/\"><em>Du sol et du travail<\/em> <\/a>Paola Vigano Centre de Recherche Habitat EPFL<\/p>\n<p>&#8211; <a href=\"https:\/\/braillard.ch\/trombinoscope\/mille-et-une-machines\/\"><em>Gen\u00e8ve, constellation m\u00e9tropolitaine<\/em><\/a> Stefano Boeri, Stefano Boeri Architetti, avec Michel Desvigne Paysagiste, Baukuh, Bollinger+Grohmann, Systematica<\/p>\n<p>&nbsp;<\/p>\n<p>&nbsp;<\/p>\n","protected":false},"excerpt":{"rendered":"<p>Cahier sp\u00e9cial B\u00e2tisseur Suisses \u2013 Projets (suppl\u00e9ment de la revue Trac\u00e9s, revue suisse romande des cultures et techniques du b\u00e2ti n\u00b06\/2021) Quelle forme aura la m\u00e9tropole genevoise \u00e0 l\u2019horizon 2050? Comment allons-nous nous loger, travailler, d\u00e9placer? Quel sera le r\u00f4le de l\u2019architecte, de l\u2019urbaniste et du paysagiste dans un contexte marqu\u00e9 par la transition \u00e9cologique? [&hellip;]<\/p>\n","protected":false},"featured_media":964,"template":"","meta":[],"product_cat":[48,49],"product_tag":[],"class_list":{"0":"post-961","1":"product","2":"type-product","3":"status-publish","4":"has-post-thumbnail","6":"product_cat-boutique-de-la-fondation","7":"product_cat-livres","8":"product_shipping_class-envoi-normal","10":"first","11":"instock","12":"taxable","13":"shipping-taxable","14":"purchasable","15":"product-type-simple"},"acf":[],"_links":{"self":[{"href":"https:\/\/get.braillard.ch\/en\/wp-json\/wp\/v2\/product\/961","targetHints":{"allow":["GET"]}}],"collection":[{"href":"https:\/\/get.braillard.ch\/en\/wp-json\/wp\/v2\/product"}],"about":[{"href":"https:\/\/get.braillard.ch\/en\/wp-json\/wp\/v2\/types\/product"}],"wp:featuredmedia":[{"embeddable":true,"href":"https:\/\/get.braillard.ch\/en\/wp-json\/wp\/v2\/media\/964"}],"wp:attachment":[{"href":"https:\/\/get.braillard.ch\/en\/wp-json\/wp\/v2\/media?parent=961"}],"wp:term":[{"taxonomy":"product_cat","embeddable":true,"href":"https:\/\/get.braillard.ch\/en\/wp-json\/wp\/v2\/product_cat?post=961"},{"taxonomy":"product_tag","embeddable":true,"href":"https:\/\/get.braillard.ch\/en\/wp-json\/wp\/v2\/product_tag?post=961"}],"curies":[{"name":"wp","href":"https:\/\/api.w.org\/{rel}","templated":true}]}}