{"id":958,"date":"2022-10-11T15:56:59","date_gmt":"2022-10-11T13:56:59","guid":{"rendered":"https:\/\/get.braillard.ch\/?post_type=product&#038;p=958"},"modified":"2025-12-04T12:07:01","modified_gmt":"2025-12-04T11:07:01","slug":"linvention-des-territoires-directs-par-les-gens-ordinaires","status":"publish","type":"product","link":"https:\/\/get.braillard.ch\/en\/produit\/linvention-des-territoires-directs-par-les-gens-ordinaires\/","title":{"rendered":"L&#8217;invention des territoires directs par les gens ordinaires"},"content":{"rendered":"<p>Les TIC, la communication en temps r\u00e9el, \u00e0 co\u00fbt nul et \u00e0 l\u2019\u00e9chelle plan\u00e9taire, a chang\u00e9 les conditions des territoires: ils questionnent, modifient et dissipent notre rapport au temps, \u00e0 l\u2019espace. Plus largement \u00e0 la chose publique et \u00e0 l\u2019individu.<\/p>\n<p>Cons\u00e9quence, les TIC g\u00e9n\u00e8rent une exigence accrue du citoyen\/consommateur. Il veut une action publique efficace, transversale et, surtout, proche de ses besoins. Aujourd\u2019hui le consommActeur revendique tout: l\u2019espace public, priv\u00e9, social et \u00e9conomique.<\/p>\n<p>Dans leur essai, les auteurs parcourent l\u2019\u00e9volution r\u00e9cente de la gouvernance des territoires. Des territoires de plus en plus pris en charge par les acteurs nouveaux issus des organisations non gouvernementales, des entreprises ou de la soci\u00e9t\u00e9 civile.<\/p>\n<p>Ils privil\u00e9gient le registre de la narration pour nous livrer un r\u00e9cit vivant dont l\u2019intrigue est\u00a0 l\u2019\u00e9mergence des <em>territoires directs, <\/em>des territoires invent\u00e9s, au quotidien, par les gens ordinaires. Ils montrent comment ils renouvellent le vivre ensemble dans un espace commun partag\u00e9. Enfin (surtout ?), ils d\u00e9finissent des m\u00e9thodes d\u2019am\u00e9nagement et de gouvernance susceptibles de fonctionner dans ce contexte profond\u00e9ment renouvel\u00e9. Quelle gestion administrative, quels instruments de r\u00e9gulation pour ces <em>territoires directs<\/em> fa\u00e7onn\u00e9s par les ConsommActeurs ?<\/p>\n<p>&nbsp;<\/p>\n<p>&nbsp;<\/p>\n","protected":false},"excerpt":{"rendered":"<p>Les TIC, la communication en temps r\u00e9el, \u00e0 co\u00fbt nul et \u00e0 l\u2019\u00e9chelle plan\u00e9taire, a chang\u00e9 les conditions des territoires: ils questionnent, modifient et dissipent notre rapport au temps, \u00e0 l\u2019espace. Plus largement \u00e0 la chose publique et \u00e0 l\u2019individu. Cons\u00e9quence, les TIC g\u00e9n\u00e8rent une exigence accrue du citoyen\/consommateur. Il veut une action publique efficace, [&hellip;]<\/p>\n","protected":false},"featured_media":959,"template":"","meta":[],"product_cat":[48,49],"product_tag":[],"class_list":{"0":"post-958","1":"product","2":"type-product","3":"status-publish","4":"has-post-thumbnail","6":"product_cat-boutique-de-la-fondation","7":"product_cat-livres","8":"product_shipping_class-envoi-normal","10":"first","11":"instock","12":"taxable","13":"shipping-taxable","14":"purchasable","15":"product-type-simple"},"acf":[],"_links":{"self":[{"href":"https:\/\/get.braillard.ch\/en\/wp-json\/wp\/v2\/product\/958","targetHints":{"allow":["GET"]}}],"collection":[{"href":"https:\/\/get.braillard.ch\/en\/wp-json\/wp\/v2\/product"}],"about":[{"href":"https:\/\/get.braillard.ch\/en\/wp-json\/wp\/v2\/types\/product"}],"wp:featuredmedia":[{"embeddable":true,"href":"https:\/\/get.braillard.ch\/en\/wp-json\/wp\/v2\/media\/959"}],"wp:attachment":[{"href":"https:\/\/get.braillard.ch\/en\/wp-json\/wp\/v2\/media?parent=958"}],"wp:term":[{"taxonomy":"product_cat","embeddable":true,"href":"https:\/\/get.braillard.ch\/en\/wp-json\/wp\/v2\/product_cat?post=958"},{"taxonomy":"product_tag","embeddable":true,"href":"https:\/\/get.braillard.ch\/en\/wp-json\/wp\/v2\/product_tag?post=958"}],"curies":[{"name":"wp","href":"https:\/\/api.w.org\/{rel}","templated":true}]}}