{"id":951,"date":"2022-10-11T15:51:51","date_gmt":"2022-10-11T13:51:51","guid":{"rendered":"https:\/\/get.braillard.ch\/?post_type=product&#038;p=951"},"modified":"2025-04-04T08:12:47","modified_gmt":"2025-04-04T06:12:47","slug":"lindustriel-larchitecte-et-le-phalanstere","status":"publish","type":"product","link":"https:\/\/get.braillard.ch\/en\/produit\/lindustriel-larchitecte-et-le-phalanstere\/","title":{"rendered":"L&#8217;industriel, l&#8217;architecte et le phalanst\u00e8re. Invention et usages de la cit\u00e9 d\u2019entreprise d\u2019Ugine"},"content":{"rendered":"<p>D\u00e8s 1904, l\u2019espace physique et social de la ville d\u2019Ugine en Savoie est boulevers\u00e9 par l\u2019implantation des aci\u00e9ries \u00e9lectriques. Mais comment attirer et fixer \u00e0 proximit\u00e9 du site de production la main-d\u2019\u0153uvre n\u00e9cessaire au fonctionnement des usines\u00a0? A cet effet, l\u2019industriel Paul Girod et son architecte Maurice Braillard vont concevoir une v\u00e9ritable cit\u00e9 d\u2019entreprise qui distribue de fa\u00e7on raisonn\u00e9e les diff\u00e9rentes cat\u00e9gories d\u2019employ\u00e9s dans le territoire de la commune. La direction de l\u2019entreprise met ainsi en \u0153uvre un urbanisme patronal semblable \u00e0 celui que d\u00e9veloppent de nombreuses entreprises fran\u00e7aises entre 1860 et 1914.<\/p>\n<p>&nbsp;<\/p>\n<p>Cet ouvrage documente et interroge cette \u00ab\u00a0aventure fondatrice\u00a0\u00bb\u00a0: l\u2019invention durant les deux premi\u00e8res d\u00e9cennies du XXe si\u00e8cle d\u2019une ville industrielle. A travers elle, les auteurs \u00e9clairent une p\u00e9riode charni\u00e8re qui voit, \u00e0 la fois l\u2019\u00e9mergence de l\u2019urbanisme moderne et de nouvelles formes de r\u00e9gulation sociale. Laboratoires et incubateurs, les cit\u00e9s d\u2019entreprise voient en effet l\u2019espace construit \u00eatre utilis\u00e9 comme instrument d\u2019organisation de la soci\u00e9t\u00e9 industrielle. Dans ce contexte, cette \u00e9tude explore les fili\u00e8res qui relient des discours g\u00e9n\u00e9raux \u2013 celui de la r\u00e9forme sociale en particulier \u2013 \u00e0 des formes architecturales et urbaines sp\u00e9cifiques. Elle montre \u00e9galement comment, \u00e0 diff\u00e9rentes \u00e9poques, les usagers ont compos\u00e9 avec les espaces ainsi produits. Fond\u00e9 sur des documents d\u2019archives et des t\u00e9moignages oraux, ce livre restitue ainsi leur \u00e9paisseur aux processus \u00e0 l\u2019\u0153uvre \u00e0 Ugine.<\/p>\n<p>&nbsp;<\/p>\n<p>Textes de Elena Cogato Lanza, Paul Marti, Susanne Oguey, Ola S\u00f6derstr\u00f6m<\/p>\n","protected":false},"excerpt":{"rendered":"<p>D\u00e8s 1904, l\u2019espace physique et social de la ville d\u2019Ugine en Savoie est boulevers\u00e9 par l\u2019implantation des aci\u00e9ries \u00e9lectriques. Mais comment attirer et fixer \u00e0 proximit\u00e9 du site de production la main-d\u2019\u0153uvre n\u00e9cessaire au fonctionnement des usines\u00a0? A cet effet, l\u2019industriel Paul Girod et son architecte Maurice Braillard vont concevoir une v\u00e9ritable cit\u00e9 d\u2019entreprise qui [&hellip;]<\/p>\n","protected":false},"featured_media":952,"template":"","meta":[],"product_cat":[48,49],"product_tag":[59],"class_list":{"0":"post-951","1":"product","2":"type-product","3":"status-publish","4":"has-post-thumbnail","6":"product_cat-boutique-de-la-fondation","7":"product_cat-livres","8":"product_tag-architectes-braillard","9":"product_shipping_class-envoi-normal","11":"first","12":"instock","13":"taxable","14":"shipping-taxable","15":"purchasable","16":"product-type-simple"},"acf":[],"_links":{"self":[{"href":"https:\/\/get.braillard.ch\/en\/wp-json\/wp\/v2\/product\/951","targetHints":{"allow":["GET"]}}],"collection":[{"href":"https:\/\/get.braillard.ch\/en\/wp-json\/wp\/v2\/product"}],"about":[{"href":"https:\/\/get.braillard.ch\/en\/wp-json\/wp\/v2\/types\/product"}],"wp:featuredmedia":[{"embeddable":true,"href":"https:\/\/get.braillard.ch\/en\/wp-json\/wp\/v2\/media\/952"}],"wp:attachment":[{"href":"https:\/\/get.braillard.ch\/en\/wp-json\/wp\/v2\/media?parent=951"}],"wp:term":[{"taxonomy":"product_cat","embeddable":true,"href":"https:\/\/get.braillard.ch\/en\/wp-json\/wp\/v2\/product_cat?post=951"},{"taxonomy":"product_tag","embeddable":true,"href":"https:\/\/get.braillard.ch\/en\/wp-json\/wp\/v2\/product_tag?post=951"}],"curies":[{"name":"wp","href":"https:\/\/api.w.org\/{rel}","templated":true}]}}