{"id":946,"date":"2022-10-11T15:50:22","date_gmt":"2022-10-11T13:50:22","guid":{"rendered":"https:\/\/get.braillard.ch\/?post_type=product&#038;p=946"},"modified":"2026-03-15T17:45:36","modified_gmt":"2026-03-15T16:45:36","slug":"toitures-et-couvertures","status":"publish","type":"product","link":"https:\/\/get.braillard.ch\/en\/produit\/toitures-et-couvertures\/","title":{"rendered":"Toitures et couvertures (Cahier N\u00b024 de Patrimoine et architecture)"},"content":{"rendered":"<p>Les textes retracent ici une histoire plus que bimill\u00e9naire. Une aventure qui se confond avec celle de l\u2019humanit\u00e9. Se couvrir, mettre \u00e0 l\u2019abri soi-m\u00eame, ses proches, ses biens des intemp\u00e9ries comme des b\u00eates sauvages sont en effet autant d\u2019actes fondateurs de notre condition humaine.<\/p>\n<p>Et c\u2019est bien ici le propos de ce num\u00e9ro de la collection <em>Patrimoine et Architecture\u00a0<\/em>qui prolonge l\u2019exposition \u00abTous sous le m\u00eame toit\u00bb pr\u00e9sent\u00e9e sous les auspices des Berges de Vessy. Exposition dont il d\u00e9cloisonne le propos, la r\u00e9flexion.<\/p>\n<p>Organis\u00e9 en quatre sections th\u00e9matiques, ce cahier regroupe quelque 15 contributions ou interviews de sp\u00e9cialistes issus des horizons les plus divers\u00a0: arch\u00e9ologues, architectes, conservateurs du patrimoine et de mus\u00e9es, historiens, historiens de l\u2019art, artisans ou encore entrepreneurs et membres d\u2019association.<\/p>\n<p>Le croisement des regards, des questionnements, des approches donne vie au propos. Il donne forme et corps \u00e0 un cahier aussi riche que dense. Un cahier qui aborde toitures, couvertures et autres cinqui\u00e8mes fa\u00e7ades comme protections des \u00e9l\u00e9ments. Mais aussi (surtout) dans un \u00e9tonnant retournement des choses, comme autant de lieux d\u2019accueil: comme r\u00e9ceptacle d\u2019\u00e9nergie, de bio-diversit\u00e9, d\u2019activit\u00e9s sociales et de d\u00e9tente. Ou, mieux encore, de tout cela en m\u00eame temps.<\/p>\n<p>Avec la participation de: Antonio Hodgers, Robert Cramer, Anne de Weck, Isabelle Brunier, Isabelle Roland, David Ripoll, B\u00e9n\u00e9dict Frommel, J\u00fcrg Goll, Pierre Tourvieille de Labrouhe, Fran\u00e7ois Moser, Mich\u00e8le Grote, Dominique Cerutti, Jean-Michel Meyroux et Yoann Craffe,\u00a0<a href=\"https:\/\/braillard.ch\/trombinoscope\/marcellin-barthassat\/\">Marcellin Barthassat<\/a>, Jean-Pierre Decorzent, Fransesco Della Casa,\u00a0<a href=\"https:\/\/braillard.ch\/trombinoscope\/diane-henny\/\">Diane Henny<\/a>\u00a0et\u00a0<a href=\"https:\/\/braillard.ch\/trombinoscope\/panos-mantziaras\/\">Panos Mantziaras<\/a>.<\/p>\n<p>* Patrimoine et architecture est une publication de l\u2019Office du patrimoine et des sites (D\u00e9partement du territoire, R\u00e9publique et canton de Gen\u00e8ve), inaugur\u00e9e en 1996, qui s\u2019adresse aux professionnels et aux amateurs du patrimoine architectural. Les num\u00e9ros sont consacr\u00e9s aux actes de colloques, pr\u00e9sentent des monuments ou des sites embl\u00e9matiques, ou s\u2019attachent \u00e0 d\u00e9velopper des th\u00e9matiques sp\u00e9cifiques. Les vingt-quatre cahiers et les cinq ouvrages hors-s\u00e9rie parus \u00e0 ce jour portent aussi bien sur les ensembles urbains, les lieux de culte, les moulins \u00e0 eau, les jardins historiques, que la philanthropie, la politique patrimoniale, les probl\u00e9matiques de la conservation et les m\u00e9tiers de la restauration. En outre, une \u00abs\u00e9rie arch\u00e9ologie\u00bb, consacr\u00e9e sp\u00e9cifiquement aux actualit\u00e9s de ce domaine, a \u00e9t\u00e9 lanc\u00e9e en 2013.<\/p>\n","protected":false},"excerpt":{"rendered":"<p>Les textes retracent ici une histoire plus que bimill\u00e9naire. Une aventure qui se confond avec celle de l\u2019humanit\u00e9. Se couvrir, mettre \u00e0 l\u2019abri soi-m\u00eame, ses proches, ses biens des intemp\u00e9ries comme des b\u00eates sauvages sont en effet autant d\u2019actes fondateurs de notre condition humaine. Et c\u2019est bien ici le propos de ce num\u00e9ro de la [&hellip;]<\/p>\n","protected":false},"featured_media":947,"template":"","meta":[],"product_cat":[48,49],"product_tag":[],"class_list":{"0":"post-946","1":"product","2":"type-product","3":"status-publish","4":"has-post-thumbnail","6":"product_cat-boutique-de-la-fondation","7":"product_cat-livres","8":"product_shipping_class-envoi-normal","10":"first","11":"instock","12":"taxable","13":"shipping-taxable","14":"purchasable","15":"product-type-simple"},"acf":[],"_links":{"self":[{"href":"https:\/\/get.braillard.ch\/en\/wp-json\/wp\/v2\/product\/946","targetHints":{"allow":["GET"]}}],"collection":[{"href":"https:\/\/get.braillard.ch\/en\/wp-json\/wp\/v2\/product"}],"about":[{"href":"https:\/\/get.braillard.ch\/en\/wp-json\/wp\/v2\/types\/product"}],"wp:featuredmedia":[{"embeddable":true,"href":"https:\/\/get.braillard.ch\/en\/wp-json\/wp\/v2\/media\/947"}],"wp:attachment":[{"href":"https:\/\/get.braillard.ch\/en\/wp-json\/wp\/v2\/media?parent=946"}],"wp:term":[{"taxonomy":"product_cat","embeddable":true,"href":"https:\/\/get.braillard.ch\/en\/wp-json\/wp\/v2\/product_cat?post=946"},{"taxonomy":"product_tag","embeddable":true,"href":"https:\/\/get.braillard.ch\/en\/wp-json\/wp\/v2\/product_tag?post=946"}],"curies":[{"name":"wp","href":"https:\/\/api.w.org\/{rel}","templated":true}]}}