{"id":941,"date":"2022-10-11T15:40:37","date_gmt":"2022-10-11T13:40:37","guid":{"rendered":"https:\/\/get.braillard.ch\/?post_type=product&#038;p=941"},"modified":"2022-11-15T12:41:48","modified_gmt":"2022-11-15T11:41:48","slug":"geneve-a-lepreuve-de-la-durabilite","status":"publish","type":"product","link":"https:\/\/get.braillard.ch\/en\/produit\/geneve-a-lepreuve-de-la-durabilite\/","title":{"rendered":"Gen\u00e8ve \u00e0 l&#8217;\u00e9preuve de la durabilit\u00e9"},"content":{"rendered":"<p style=\"margin-top: 0cm;\"><span lang=\"FR\" style=\"font-size: 12.0pt; font-family: 'Arial',sans-serif; color: black;\">Le Grand Gen\u00e8ve, ses dynamiques territoriales face au d\u00e9fi de la transition \u00e9cologique. Voici l\u2019objet du pr\u00e9sent ouvrage. Quelle identit\u00e9 pour l\u2019agglom\u00e9ration de demain? quelles institutions et quelle gouvernance? Au niveau du projet, quelle mobilit\u00e9, d\u00e9veloppement des quartiers ou encore relation ville\/campagne?<\/span><\/p>\n<p style=\"margin-top: 0cm;\"><span lang=\"FR\" style=\"font-size: 12.0pt; font-family: 'Arial',sans-serif; color: black;\">Pour r\u00e9pondre \u00e0 ces questions, David Gaillard a constitu\u00e9 un forum hybride, un panel form\u00e9 d\u2019universitaires, de professionnels du territoire et encore de repr\u00e9sentants du milieu associatif. Autant de regards, autant d\u2019expertises crois\u00e9es. <\/span><\/p>\n<p style=\"margin-top: 0cm;\"><span lang=\"FR\" style=\"font-size: 12.0pt; font-family: 'Arial',sans-serif; color: black;\">Des points de vue diff\u00e9rents, juxtapos\u00e9s, t\u00e9lescop\u00e9s et un objectif partag\u00e9: susciter la prise de conscience, le d\u00e9bat. Mieux faire bouger les lignes. Utile voire indispensable car \u00e0 Gen\u00e8ve, plus qu\u2019ailleurs, le d\u00e9veloppement urbain pose probl\u00e8me: construction de logements en panne, absence de projet d\u2019envergure, mitage du paysage, lenteur des proc\u00e9dures, oppositions populaires, recours des associations (tr\u00e8s peu) et des individus (beaucoup).<\/span><\/p>\n<p style=\"margin-top: 0cm;\"><span lang=\"FR\" style=\"font-size: 12.0pt; font-family: 'Arial',sans-serif; color: black;\">Avec des textes de: C. Ambrosino, Y. Bonard, B. B\u00fcrgenmeier, S. Cattacin, F. Chappaz, X. Comtesse, M.-C. Couic, B. Debardieux, P.-J. Duc, A. Ducret, S. Fischer, Y. Fl\u00fcckiger, D. Gaillard, C. Gnaegi, G. Grosjean Giraud, V. Kaufmann, F. Kettenacker, R.J. Lawrence, B. Manzoni, B. Marchand, P. Marti, S. Parvu, L. Pattaroni, G. Pini, R. Quincerot, E. Rey, O. Rogg, A. Rouiller, J.-M. Roux, J. Ruegg, J. Salomon Cavin, J. Savary, E. Torres Modrego, M. Tranda-Pittion, B. Vayssi\u00e8re, C.-A. Vuillerat, S. Waldvogel<\/span><\/p>\n","protected":false},"excerpt":{"rendered":"<p>Le Grand Gen\u00e8ve, ses dynamiques territoriales face au d\u00e9fi de la transition \u00e9cologique. Voici l\u2019objet du pr\u00e9sent ouvrage. Quelle identit\u00e9 pour l\u2019agglom\u00e9ration de demain? quelles institutions et quelle gouvernance? Au niveau du projet, quelle mobilit\u00e9, d\u00e9veloppement des quartiers ou encore relation ville\/campagne? Pour r\u00e9pondre \u00e0 ces questions, David Gaillard a constitu\u00e9 un forum hybride, un [&hellip;]<\/p>\n","protected":false},"featured_media":944,"template":"","meta":[],"product_cat":[48,49],"product_tag":[],"class_list":{"0":"post-941","1":"product","2":"type-product","3":"status-publish","4":"has-post-thumbnail","6":"product_cat-boutique-de-la-fondation","7":"product_cat-livres","8":"product_shipping_class-envoi-normal","10":"first","11":"instock","12":"taxable","13":"shipping-taxable","14":"purchasable","15":"product-type-simple"},"acf":[],"_links":{"self":[{"href":"https:\/\/get.braillard.ch\/en\/wp-json\/wp\/v2\/product\/941","targetHints":{"allow":["GET"]}}],"collection":[{"href":"https:\/\/get.braillard.ch\/en\/wp-json\/wp\/v2\/product"}],"about":[{"href":"https:\/\/get.braillard.ch\/en\/wp-json\/wp\/v2\/types\/product"}],"wp:featuredmedia":[{"embeddable":true,"href":"https:\/\/get.braillard.ch\/en\/wp-json\/wp\/v2\/media\/944"}],"wp:attachment":[{"href":"https:\/\/get.braillard.ch\/en\/wp-json\/wp\/v2\/media?parent=941"}],"wp:term":[{"taxonomy":"product_cat","embeddable":true,"href":"https:\/\/get.braillard.ch\/en\/wp-json\/wp\/v2\/product_cat?post=941"},{"taxonomy":"product_tag","embeddable":true,"href":"https:\/\/get.braillard.ch\/en\/wp-json\/wp\/v2\/product_tag?post=941"}],"curies":[{"name":"wp","href":"https:\/\/api.w.org\/{rel}","templated":true}]}}