{"id":936,"date":"2022-10-11T15:35:49","date_gmt":"2022-10-11T13:35:49","guid":{"rendered":"https:\/\/get.braillard.ch\/?post_type=product&#038;p=936"},"modified":"2022-11-16T12:25:43","modified_gmt":"2022-11-16T11:25:43","slug":"un-batiment-jalons-vers-la-modernite","status":"publish","type":"product","link":"https:\/\/get.braillard.ch\/en\/produit\/un-batiment-jalons-vers-la-modernite\/","title":{"rendered":"Un b\u00e2timent: jalons vers la modernit\u00e9. Les cents ans de la mairie-\u00e9cole d&#8217;Onex"},"content":{"rendered":"<p>R\u00e9alisation embl\u00e9matique du <em>Heimatstil<\/em> \u00e0 Gen\u00e8ve, l\u2019\u00e9cole-mairie et, plus encore, son d\u00e9cor peint singulier ne cessent d\u2019intriguer. Et de fait, ils t\u00e9moignent d\u2019un triple processus de modernisation qui intervient au tournant du XXe si\u00e8cle. Modernit\u00e9 d\u2019abord de l\u2019instruction publique gratuite et obligatoire. Modernit\u00e9 d\u00e9mocratique ensuite d\u2019une construction identitaire et civique helv\u00e9tique marqu\u00e9e par l\u2019imbrication des niveaux communaux, cantonaux et nationaux. Modernit\u00e9 enfin d\u2019un processus de refondation de l\u2019architecture sur ses fondements constructifs et fonctionnels op\u00e9r\u00e9, dans le cas pr\u00e9sent, par le biais de traditions autochtones r\u00e9interpr\u00e9t\u00e9es.<\/p>\n<p>Cette plaquette valoris\u00e9e par une documentation graphique et iconographique in\u00e9dite retrace cette triple aventure culturelle. Mais aussi la petite aventure humaine que constitue l\u2019\u00e9l\u00e9vation d\u2019un centre civique la\u00efc \u00e0 l\u2019\u00e9chelle d\u2019un village\u00a0: le maire, l\u2019architecte, et l\u2019\u00e9cole-mairie \u2026 L\u2019aboutissement de cette collaboration est une construction quasi a-temporelle\u00a0 qui s\u2019ins\u00e8re au cadre rural, comme une pi\u00e8ce jointive: composition asym\u00e9trique, clocheton pittoresque, enveloppe rustique en pierres naturelles, toitures pentues recouvertes de tuiles rouge. Tout y est, rien ne manque. Un v\u00e9ritable petit <em>Gesamtkunstwerk <\/em>\u00e0 l\u2019\u00e9chelle du village qui associe, mieux qui int\u00e8gre en un tout indissociable \u00e9l\u00e9ments de gros \u0153uvre (ma\u00e7onnerie, charpente), \u00e9l\u00e9ments du second \u0153uvre (boiseries peintes, fers forg\u00e9s ouvrag\u00e9s) et d\u00e9cor sculpt\u00e9 et peint.<\/p>\n<p>&nbsp;<\/p>\n<p>Point d\u2019orgue de l\u2019op\u00e9ration\u00a0: la salle communale, \u00e0 la fois lieu de r\u00e9union et d\u2019exercice gymnastique, et sa couverture lambriss\u00e9e avec d\u00e9cor peint\u00a0singulier : une galerie de 12 gymnastes en pieds, dans les faits des portraits des membres de la Soci\u00e9t\u00e9 de jeunesse d\u2019Onex, de l\u2019architecte (Maurice Braillard) et du peintre lui-m\u00eame (Eric Hermes). Le tout sur un fond champ\u00eatre stylis\u00e9 associant marronniers en fleur et prairie printani\u00e8re couverte de pissenlits. S\u2019agit-il ici d\u2019une \u00e9vocation des f\u00eates f\u00e9d\u00e9rales de gymnastique en tant que vecteurs d\u2019affirmation du sentiment national\u00a0? D\u2019un renvoi aux d\u00e9bats du moment autour des formes et finalit\u00e9s de la gymnastique\u00a0? Ou encore, d\u2019une \u00e9vocation de la jeunesse, plus largement de l\u2019\u00e9veil des forces vives de la nature, d\u2019un printemps des arts au tournant d\u2019un si\u00e8cle nouveau\u00a0?<\/p>\n","protected":false},"excerpt":{"rendered":"<p>R\u00e9alisation embl\u00e9matique du Heimatstil \u00e0 Gen\u00e8ve, l\u2019\u00e9cole-mairie et, plus encore, son d\u00e9cor peint singulier ne cessent d\u2019intriguer. Et de fait, ils t\u00e9moignent d\u2019un triple processus de modernisation qui intervient au tournant du XXe si\u00e8cle. Modernit\u00e9 d\u2019abord de l\u2019instruction publique gratuite et obligatoire. Modernit\u00e9 d\u00e9mocratique ensuite d\u2019une construction identitaire et civique helv\u00e9tique marqu\u00e9e par l\u2019imbrication des [&hellip;]<\/p>\n","protected":false},"featured_media":937,"template":"","meta":[],"product_cat":[48,49],"product_tag":[59],"class_list":{"0":"post-936","1":"product","2":"type-product","3":"status-publish","4":"has-post-thumbnail","6":"product_cat-boutique-de-la-fondation","7":"product_cat-livres","8":"product_tag-architectes-braillard","9":"product_shipping_class-envoi-normal","11":"first","12":"instock","13":"taxable","14":"shipping-taxable","15":"purchasable","16":"product-type-simple"},"acf":[],"_links":{"self":[{"href":"https:\/\/get.braillard.ch\/en\/wp-json\/wp\/v2\/product\/936","targetHints":{"allow":["GET"]}}],"collection":[{"href":"https:\/\/get.braillard.ch\/en\/wp-json\/wp\/v2\/product"}],"about":[{"href":"https:\/\/get.braillard.ch\/en\/wp-json\/wp\/v2\/types\/product"}],"wp:featuredmedia":[{"embeddable":true,"href":"https:\/\/get.braillard.ch\/en\/wp-json\/wp\/v2\/media\/937"}],"wp:attachment":[{"href":"https:\/\/get.braillard.ch\/en\/wp-json\/wp\/v2\/media?parent=936"}],"wp:term":[{"taxonomy":"product_cat","embeddable":true,"href":"https:\/\/get.braillard.ch\/en\/wp-json\/wp\/v2\/product_cat?post=936"},{"taxonomy":"product_tag","embeddable":true,"href":"https:\/\/get.braillard.ch\/en\/wp-json\/wp\/v2\/product_tag?post=936"}],"curies":[{"name":"wp","href":"https:\/\/api.w.org\/{rel}","templated":true}]}}