{"id":931,"date":"2022-10-11T15:29:58","date_gmt":"2022-10-11T13:29:58","guid":{"rendered":"https:\/\/get.braillard.ch\/?post_type=product&#038;p=931"},"modified":"2025-05-08T23:57:51","modified_gmt":"2025-05-08T21:57:51","slug":"building-up-stories","status":"publish","type":"product","link":"https:\/\/get.braillard.ch\/en\/produit\/building-up-stories\/","title":{"rendered":"Building up stories. Sur l&#8217;action urbanistique \u00e0 l&#8217;heure de la soci\u00e9t\u00e9 du spectacle int\u00e9gr\u00e9"},"content":{"rendered":"<p>Le <em>storytelling<\/em> en urbanisme: Laurent Matthey, Docteur en g\u00e9ographie, cerne cette innovation concomitante de la fin de ce que l\u2019on a appel\u00e9 les grands r\u00e9cits. Il d\u00e9crit \u2013 en cam\u00e9ra subjective \u2013 cette transformation de l\u2019action urbaine qui intervient \u00e0 l\u2019heure du spectaculaire int\u00e9gr\u00e9.<\/p>\n<p>Le r\u00e9cit d\u2019urbanisme, tel que le d\u00e9finissait Secchi dans les ann\u00e9es 1980, \u00e0 savoir une rh\u00e9torique progressiste et \u00e9mancipatoire associ\u00e9es aux transformations de la ville, fait place \u00e0 une simple la mise en intrigue des projets urbains\u00a0: une narration de la ville \u00e0 venir.<\/p>\n<p>Cette transformation de l\u2019action urbaine s\u2019articule \u00e0 de nouvelles conditions d\u2019exercice du m\u00e9tier d\u2019urbaniste. Les faiseurs de ville \u00e9tant d\u00e9sormais appel\u00e9s \u00e0 \u00eatre des techniciens de la planification, des producteurs de sens, des animateurs de processus participatifs, des communicateurs d\u2019intentions, des m\u00e9diateurs culturels. Cette transformation de l\u2019action urbaine est par ailleurs travers\u00e9e par l\u2019\u00e9mergence d\u2019un nouveau mode de gouvernance urbaine (<em>la new public governance<\/em>).<\/p>\n<p>Enfin, cette transformation de l\u2019action urbaine est annonciatrice d\u2019un urbanisme spectaculaire au sens de Debord. Un urbanisme qui, \u00e0 d\u00e9faut de produire de la mati\u00e8re territoriale, travaille \u00e0 la diffusion d\u2019images et de discours: l\u2019action se transformant en sa repr\u00e9sentation.<\/p>\n","protected":false},"excerpt":{"rendered":"<p>Le storytelling en urbanisme: Laurent Matthey, Docteur en g\u00e9ographie, cerne cette innovation concomitante de la fin de ce que l\u2019on a appel\u00e9 les grands r\u00e9cits. Il d\u00e9crit \u2013 en cam\u00e9ra subjective \u2013 cette transformation de l\u2019action urbaine qui intervient \u00e0 l\u2019heure du spectaculaire int\u00e9gr\u00e9. Le r\u00e9cit d\u2019urbanisme, tel que le d\u00e9finissait Secchi dans les ann\u00e9es [&hellip;]<\/p>\n","protected":false},"featured_media":932,"template":"","meta":[],"product_cat":[48,49],"product_tag":[],"class_list":{"0":"post-931","1":"product","2":"type-product","3":"status-publish","4":"has-post-thumbnail","6":"product_cat-boutique-de-la-fondation","7":"product_cat-livres","8":"product_shipping_class-envoi-normal","10":"first","11":"instock","12":"taxable","13":"shipping-taxable","14":"purchasable","15":"product-type-simple"},"acf":[],"_links":{"self":[{"href":"https:\/\/get.braillard.ch\/en\/wp-json\/wp\/v2\/product\/931","targetHints":{"allow":["GET"]}}],"collection":[{"href":"https:\/\/get.braillard.ch\/en\/wp-json\/wp\/v2\/product"}],"about":[{"href":"https:\/\/get.braillard.ch\/en\/wp-json\/wp\/v2\/types\/product"}],"wp:featuredmedia":[{"embeddable":true,"href":"https:\/\/get.braillard.ch\/en\/wp-json\/wp\/v2\/media\/932"}],"wp:attachment":[{"href":"https:\/\/get.braillard.ch\/en\/wp-json\/wp\/v2\/media?parent=931"}],"wp:term":[{"taxonomy":"product_cat","embeddable":true,"href":"https:\/\/get.braillard.ch\/en\/wp-json\/wp\/v2\/product_cat?post=931"},{"taxonomy":"product_tag","embeddable":true,"href":"https:\/\/get.braillard.ch\/en\/wp-json\/wp\/v2\/product_tag?post=931"}],"curies":[{"name":"wp","href":"https:\/\/api.w.org\/{rel}","templated":true}]}}