{"id":925,"date":"2022-10-11T15:15:21","date_gmt":"2022-10-11T13:15:21","guid":{"rendered":"https:\/\/get.braillard.ch\/?post_type=product&#038;p=925"},"modified":"2022-11-15T11:38:12","modified_gmt":"2022-11-15T10:38:12","slug":"pour-une-poetique-du-detour","status":"publish","type":"product","link":"https:\/\/get.braillard.ch\/en\/produit\/pour-une-poetique-du-detour\/","title":{"rendered":"Pour une po\u00e9tique du d\u00e9tour. Rencontre autour d&#8217;Andr\u00e9 Corboz"},"content":{"rendered":"<p style=\"margin-top: 0cm;\"><span lang=\"FR\" style=\"font-size: 12.0pt; font-family: 'Arial',sans-serif; color: black;\">Collection: \u00c9cole nationale sup\u00e9rieure d\u2019architecture de Grenoble<\/span><\/p>\n<p>\u00abSois fid\u00e8le \u00e0 ta d\u00e9rive!\u00bb est l\u2019un des enseignements d\u2019Andr\u00e9 Corboz. D\u00e9rive, mais non errance. Car il y a bien une logique donnant sa coh\u00e9rence \u00e0 \u00abla n\u00e9buleuse en expansion que constitue l\u2019itin\u00e9raire sans dessein\u00bb d\u2019Andr\u00e9 Corboz. Elle rel\u00e8ve de la m\u00e9thode: une m\u00e9thode fond\u00e9e sur l\u2019\u00e9tonnement et la curiosit\u00e9. Une insatiable curiosit\u00e9 excit\u00e9e par la diff\u00e9rence entre l\u2019objet \u2013 de la recherche \u2013 et sa repr\u00e9sentation, ou l\u2019id\u00e9e qui en est v\u00e9hicul\u00e9e.<\/p>\n<p>Il s\u2019agit donc ici de d\u00e9construire une image mythique souvent constitu\u00e9e et v\u00e9hicul\u00e9e avec\/dans le temps et rarement contest\u00e9e. \u00c0 cette fin, Andr\u00e9 Corboz entreprend de minutieuses enqu\u00eates et un retour aux sources. Ce faisant il d\u00e9voile son propre itin\u00e9raire et ses d\u00e9tours, les parcours de ses pr\u00e9d\u00e9cesseurs, les impasses dans lesquelles ils se sont engouffr\u00e9es ou les ouvertures qu\u2019ils auraient n\u00e9glig\u00e9es.<\/p>\n<p>L\u2019ouvrage est issu de la journ\u00e9e organis\u00e9e \u00e0 l\u2019Institut national d\u2019histoire de l\u2019art, \u00e0 Paris, pour c\u00e9l\u00e9brer le 80<sup>e<\/sup> anniversaire d\u2019Andr\u00e9 Corboz en d\u00e9cembre 2008. Il regroupe les contributions d\u2019architectes, d\u2019historiens, de philosophes et de sociologues qui \u2013 sur les traces d\u2019Andr\u00e9 Corboz, de sa d\u00e9marche fond\u00e9e sur la curiosit\u00e9, l\u2019enqu\u00eate, la convocation des savoirs et des champs disciplinaires les plus divers \u2013 tentent de comprendre et concevoir ces objets prot\u00e9iformes et insaisissables que sont les territoires urbanis\u00e9s contemporains. Des territoires dont la repr\u00e9sentation n\u00e9cessite la mise en \u0153uvre de nouveaux outils, tant conceptuels que pratiques. Ce en n\u2019oubliant pas que, pour l\u2019architecte tout particuli\u00e8rement, la repr\u00e9sentation \u2013 ou description \u2013 implique un positionnement, \u00e0 la fois de lecteur (analyse) et d\u2019\u00e9criture (projet). C\u2019est cette double posture qui fonde ici les d\u00e9marches des contributeurs.<\/p>\n<p>Textes de: Catherine Maumi, Andr\u00e9 Corboz, S\u00e9bastien Marot, Fr\u00e9d\u00e9ric Pousin, Ren\u00e9 Borruey, Anne Vernez Moudon, Olivier Soubeyran, Bruno Queysanne, Guy Desgrandchamps, Bruno Reichlin, Sylvain Malfroy<\/p>\n<p><strong><u>\u00a0<\/u><\/strong><\/p>\n<p>&nbsp;<\/p>\n","protected":false},"excerpt":{"rendered":"<p>Collection: \u00c9cole nationale sup\u00e9rieure d\u2019architecture de Grenoble \u00abSois fid\u00e8le \u00e0 ta d\u00e9rive!\u00bb est l\u2019un des enseignements d\u2019Andr\u00e9 Corboz. D\u00e9rive, mais non errance. Car il y a bien une logique donnant sa coh\u00e9rence \u00e0 \u00abla n\u00e9buleuse en expansion que constitue l\u2019itin\u00e9raire sans dessein\u00bb d\u2019Andr\u00e9 Corboz. Elle rel\u00e8ve de la m\u00e9thode: une m\u00e9thode fond\u00e9e sur l\u2019\u00e9tonnement et [&hellip;]<\/p>\n","protected":false},"featured_media":926,"template":"","meta":[],"product_cat":[48,49],"product_tag":[],"class_list":{"0":"post-925","1":"product","2":"type-product","3":"status-publish","4":"has-post-thumbnail","6":"product_cat-boutique-de-la-fondation","7":"product_cat-livres","8":"product_shipping_class-envoi-normal","10":"first","11":"instock","12":"taxable","13":"shipping-taxable","14":"purchasable","15":"product-type-simple"},"acf":[],"_links":{"self":[{"href":"https:\/\/get.braillard.ch\/en\/wp-json\/wp\/v2\/product\/925","targetHints":{"allow":["GET"]}}],"collection":[{"href":"https:\/\/get.braillard.ch\/en\/wp-json\/wp\/v2\/product"}],"about":[{"href":"https:\/\/get.braillard.ch\/en\/wp-json\/wp\/v2\/types\/product"}],"wp:featuredmedia":[{"embeddable":true,"href":"https:\/\/get.braillard.ch\/en\/wp-json\/wp\/v2\/media\/926"}],"wp:attachment":[{"href":"https:\/\/get.braillard.ch\/en\/wp-json\/wp\/v2\/media?parent=925"}],"wp:term":[{"taxonomy":"product_cat","embeddable":true,"href":"https:\/\/get.braillard.ch\/en\/wp-json\/wp\/v2\/product_cat?post=925"},{"taxonomy":"product_tag","embeddable":true,"href":"https:\/\/get.braillard.ch\/en\/wp-json\/wp\/v2\/product_tag?post=925"}],"curies":[{"name":"wp","href":"https:\/\/api.w.org\/{rel}","templated":true}]}}