{"id":919,"date":"2022-10-11T15:05:32","date_gmt":"2022-10-11T13:05:32","guid":{"rendered":"https:\/\/get.braillard.ch\/?post_type=product&#038;p=919"},"modified":"2022-11-15T11:32:39","modified_gmt":"2022-11-15T10:32:39","slug":"la-professione-di-architetto-in-svizzera","status":"publish","type":"product","link":"https:\/\/get.braillard.ch\/en\/produit\/la-professione-di-architetto-in-svizzera\/","title":{"rendered":"La professione di architetto in Svizzera. Rischi e opportunit\u00e0 in un contesto in rapida trasfarmazione."},"content":{"rendered":"<p>Che cosa stanno diventando oggi in Svizzera gli architetti indipendenti? Quali sono le difficolt\u00e0 con cui si devono confrontare? E quali le prospettive e le opportunit\u00e0?<\/p>\n<p>Il contesto \u00e8 noto, ma viene qui indagato per la prima volta in modo rigoroso, su mandato del <em>Fondo nazionale svizzero<\/em> per la ricerca scientifica: nuove tecnologie e nuove forme d\u2019urbanizzazione, abbondanza di regolamenti regionali e nazionali, direttive europee, norme per lo sviluppo sostenibile, crisi economice e tagli ai finaziamenti, apertura internazionale del mercato dell\u2019edilizia e crescita del peso delle impresi generali di costruzione.<\/p>\n<p>Cifre e testmonianze permettono agli autori di descrivere la situazione dell\u2019architetto in Svizzera \u2013 formazione, pratica, identit\u00e0, deontologia \u2013 fino agli ultimi sviluppi: strutture integrale, comptenze messe in rete (organizzazioni interprofesionali), spcializzazioni.<\/p>\n","protected":false},"excerpt":{"rendered":"<p>Che cosa stanno diventando oggi in Svizzera gli architetti indipendenti? Quali sono le difficolt\u00e0 con cui si devono confrontare? E quali le prospettive e le opportunit\u00e0? Il contesto \u00e8 noto, ma viene qui indagato per la prima volta in modo rigoroso, su mandato del Fondo nazionale svizzero per la ricerca scientifica: nuove tecnologie e nuove [&hellip;]<\/p>\n","protected":false},"featured_media":922,"template":"","meta":[],"product_cat":[48,49],"product_tag":[],"class_list":{"0":"post-919","1":"product","2":"type-product","3":"status-publish","4":"has-post-thumbnail","6":"product_cat-boutique-de-la-fondation","7":"product_cat-livres","8":"product_shipping_class-envoi-normal","10":"first","11":"instock","12":"taxable","13":"shipping-taxable","14":"purchasable","15":"product-type-simple"},"acf":[],"_links":{"self":[{"href":"https:\/\/get.braillard.ch\/en\/wp-json\/wp\/v2\/product\/919","targetHints":{"allow":["GET"]}}],"collection":[{"href":"https:\/\/get.braillard.ch\/en\/wp-json\/wp\/v2\/product"}],"about":[{"href":"https:\/\/get.braillard.ch\/en\/wp-json\/wp\/v2\/types\/product"}],"wp:featuredmedia":[{"embeddable":true,"href":"https:\/\/get.braillard.ch\/en\/wp-json\/wp\/v2\/media\/922"}],"wp:attachment":[{"href":"https:\/\/get.braillard.ch\/en\/wp-json\/wp\/v2\/media?parent=919"}],"wp:term":[{"taxonomy":"product_cat","embeddable":true,"href":"https:\/\/get.braillard.ch\/en\/wp-json\/wp\/v2\/product_cat?post=919"},{"taxonomy":"product_tag","embeddable":true,"href":"https:\/\/get.braillard.ch\/en\/wp-json\/wp\/v2\/product_tag?post=919"}],"curies":[{"name":"wp","href":"https:\/\/api.w.org\/{rel}","templated":true}]}}