{"id":913,"date":"2022-10-11T14:58:13","date_gmt":"2022-10-11T12:58:13","guid":{"rendered":"https:\/\/get.braillard.ch\/?post_type=product&#038;p=913"},"modified":"2025-12-15T15:12:07","modified_gmt":"2025-12-15T14:12:07","slug":"fuller-houses","status":"publish","type":"product","link":"https:\/\/get.braillard.ch\/en\/produit\/fuller-houses\/","title":{"rendered":"Fuller Houses \u2013 R. Buckminster Fuller\u2019s Dymaxion Dwellings and other domestic adventures"},"content":{"rendered":"<p>La Dymaxion House. Une contraction des termes <em>dynamique, maximum et tension <\/em>pour d\u00e9signer une s\u00e9rie de prototypes d&#8217;habitation novateurs de R. Buckminster Fuller. Autant de visions de l\u2019espace domestique propres \u00e0 transcender les fronti\u00e8res de la coquille \u00e9tincelante de la maison. Autant de synonymes de changements technologiques, sociaux et culturels radicaux dans l&#8217;art de vivre.<\/p>\n<p>L\u2019architecte et inventeur am\u00e9ricain a cherch\u00e9 \u00e0 rem\u00e9dier aux lacunes des techniques de construction r\u00e9sidentielles. Mais, plus profond\u00e9ment, \u00e0 renouveler les normes en mati\u00e8re de logement, au point de mettre en crise la nature\u2026 de l&#8217;espace domestique.<\/p>\n<p>Federico Neder d\u00e9voile la spatialit\u00e9 conflictuelle des maisons de Fuller en partant de la confrontation d\u2019une s\u00e9rie de vignettes. Surtout, il suit la transformation de Dymaxion House alors qu&#8217;elle se d\u00e9place dans un univers o\u00f9 ses mat\u00e9riaux et ses formes se m\u00ealent \u00e0 ceux des v\u00e9hicules, des v\u00eatements et des meubles. Ce voyage \u00e9voque d&#8217;autres habitations embl\u00e9matiques du XXe si\u00e8cle. Et ainsi retrace l&#8217;influence exerc\u00e9e par les prototypes Dymaxion.<\/p>\n<p>&#8212;&#8212;&#8212;&#8212;&#8212;&#8212;&#8212;&#8212;&#8212;&#8212;&#8212;&#8212;&#8212;&#8212;&#8212;<\/p>\n<p>Buckminster Fuller\u2019s 1929-46 Dymaxion House initiated a series of dwellings prototypes that radically chalenged housing norms, plunging the very nature of domestic space into crises. Through a series of interwoven vignettes, Federico Neder unveils the conflicted spatiality of Fullers\u2019s houses. Neder tracks the transforming Dymaxion Houses as it moves through a universe where its materials and forms commingle with those of vehicles, clothing, and furniture. The journey invokes other landmark twentieh-century dwellings, tracing the ongoing influence of zhe Dymaxion prototypes. In the process, we discover how Fuller\u2019s visions of the dwelling environment trascend the boudaries of his house\u2019s gleaming shell, foreshadoving radical technolgical, social, and cultral changes in the art of living.<\/p>\n","protected":false},"excerpt":{"rendered":"<p>La Dymaxion House. Une contraction des termes dynamique, maximum et tension pour d\u00e9signer une s\u00e9rie de prototypes d&#8217;habitation novateurs de R. Buckminster Fuller. Autant de visions de l\u2019espace domestique propres \u00e0 transcender les fronti\u00e8res de la coquille \u00e9tincelante de la maison. Autant de synonymes de changements technologiques, sociaux et culturels radicaux dans l&#8217;art de vivre. [&hellip;]<\/p>\n","protected":false},"featured_media":914,"template":"","meta":[],"product_cat":[48,49],"product_tag":[],"class_list":{"0":"post-913","1":"product","2":"type-product","3":"status-publish","4":"has-post-thumbnail","6":"product_cat-boutique-de-la-fondation","7":"product_cat-livres","8":"product_shipping_class-envoi-normal","10":"first","11":"instock","12":"taxable","13":"shipping-taxable","14":"purchasable","15":"product-type-simple"},"acf":[],"_links":{"self":[{"href":"https:\/\/get.braillard.ch\/en\/wp-json\/wp\/v2\/product\/913","targetHints":{"allow":["GET"]}}],"collection":[{"href":"https:\/\/get.braillard.ch\/en\/wp-json\/wp\/v2\/product"}],"about":[{"href":"https:\/\/get.braillard.ch\/en\/wp-json\/wp\/v2\/types\/product"}],"wp:featuredmedia":[{"embeddable":true,"href":"https:\/\/get.braillard.ch\/en\/wp-json\/wp\/v2\/media\/914"}],"wp:attachment":[{"href":"https:\/\/get.braillard.ch\/en\/wp-json\/wp\/v2\/media?parent=913"}],"wp:term":[{"taxonomy":"product_cat","embeddable":true,"href":"https:\/\/get.braillard.ch\/en\/wp-json\/wp\/v2\/product_cat?post=913"},{"taxonomy":"product_tag","embeddable":true,"href":"https:\/\/get.braillard.ch\/en\/wp-json\/wp\/v2\/product_tag?post=913"}],"curies":[{"name":"wp","href":"https:\/\/api.w.org\/{rel}","templated":true}]}}