{"id":907,"date":"2022-10-11T14:48:39","date_gmt":"2022-10-11T12:48:39","guid":{"rendered":"https:\/\/get.braillard.ch\/?post_type=product&#038;p=907"},"modified":"2023-01-30T13:25:05","modified_gmt":"2023-01-30T12:25:05","slug":"xxe-un-siecle-darchitectures-a-geneve","status":"publish","type":"product","link":"https:\/\/get.braillard.ch\/en\/produit\/xxe-un-siecle-darchitectures-a-geneve\/","title":{"rendered":"XXe. Un si\u00e8cle d&#8217;architectures \u00e0 Gen\u00e8ve. Promenades."},"content":{"rendered":"<p style=\"margin-top: 0cm;\"><span lang=\"FR\" style=\"font-size: 12.0pt; font-family: 'Arial',sans-serif; color: black;\">Dix petites ann\u00e9es apr\u00e8s son ach\u00e8vement, le XXe est \u00e0 son tour entr\u00e9 dans la dimension m\u00e9morielle. D\u00e9sormais, nous pouvons en revisiter l\u2019histoire avec la plus grande libert\u00e9 de jugement qu\u2019autorise le recul temporel et mieux mesurer la signification des \u00e9v\u00e8nements qui l\u2019articulent. Il en est de l\u2019architecture comme des faits de soci\u00e9t\u00e9\u00a0; les in\u00e9vitables pr\u00e9jug\u00e9s li\u00e9s au pr\u00e9sent s\u2019\u00e9tant estomp\u00e9s, une vue d\u2019ensemble peut se d\u00e9ployer. Il est ainsi possible de relativiser les contingences et autoriser une lecture en profondeur des r\u00e9alisations architecturales du si\u00e8cle, fond\u00e9e sur la compr\u00e9hension de leur rapport aux ph\u00e9nom\u00e8nes de soci\u00e9t\u00e9. <\/span><\/p>\n<p style=\"margin-top: 0cm;\"><span lang=\"FR\" style=\"font-size: 12.0pt; font-family: 'Arial',sans-serif; color: black;\">Les quelque 380 notices monographiques articul\u00e9es autour de quatorze promenades \u00e0 travers les quartiers de Gen\u00e8ve sont pr\u00e9sent\u00e9es par des sp\u00e9cialistes, historiens de l\u2019art ou architectes. Elles nous invitent \u00e0 d\u00e9couvrir un patrimoine consid\u00e9rable mais rest\u00e9 largement absent de la conscience collective, un ensemble de r\u00e9alisations exemplaires de l\u2019esprit du si\u00e8cle. Autant d\u2019opportunit\u00e9s d\u2019aiguiser notre regard sur les r\u00e9alisations modernes et contemporaines, \u00e0 prendre la mesure de leur \u00e9tonnante diversit\u00e9. <\/span><\/p>\n<p style=\"margin-top: 0cm;\"><span lang=\"FR\" style=\"font-size: 12.0pt; font-family: 'Arial',sans-serif; color: black;\">Notices de: Paolo Amaldi, Karl Andermatt, Enis Arikok, Marcellin Barthassat, Christian Bischoff, Eliane Brigger, Isabelle Claden, Elena Cogato Lanza, Catherine Courtiau, M\u00e9lanie Delaune Perrin, Yvan Delemonthey, Alexandre Ducrey, Christian Dupraz, Philippe Grandvoinnet, Fran\u00e7ois Joss, Alain L\u00e9veill\u00e9, Jean-Pierre Lewerer, Giulia Marino, Paul Marti, Fran\u00e7ois Maurice, Cecilia Maurice de Silva, Pierre Monnoyeur, Erwin Oberwiler, David Ripoll, Rolf Pfaendler, Tearnael Te, Barbara Tirone, Bruno Vayssi\u00e8re<\/span><\/p>\n","protected":false},"excerpt":{"rendered":"<p>Dix petites ann\u00e9es apr\u00e8s son ach\u00e8vement, le XXe est \u00e0 son tour entr\u00e9 dans la dimension m\u00e9morielle. D\u00e9sormais, nous pouvons en revisiter l\u2019histoire avec la plus grande libert\u00e9 de jugement qu\u2019autorise le recul temporel et mieux mesurer la signification des \u00e9v\u00e8nements qui l\u2019articulent. Il en est de l\u2019architecture comme des faits de soci\u00e9t\u00e9\u00a0; les in\u00e9vitables [&hellip;]<\/p>\n","protected":false},"featured_media":909,"template":"","meta":[],"product_cat":[48,49],"product_tag":[],"class_list":{"0":"post-907","1":"product","2":"type-product","3":"status-publish","4":"has-post-thumbnail","6":"product_cat-boutique-de-la-fondation","7":"product_cat-livres","8":"product_shipping_class-envoi-normal","10":"first","11":"outofstock","12":"taxable","13":"shipping-taxable","14":"purchasable","15":"product-type-simple"},"acf":[],"_links":{"self":[{"href":"https:\/\/get.braillard.ch\/en\/wp-json\/wp\/v2\/product\/907","targetHints":{"allow":["GET"]}}],"collection":[{"href":"https:\/\/get.braillard.ch\/en\/wp-json\/wp\/v2\/product"}],"about":[{"href":"https:\/\/get.braillard.ch\/en\/wp-json\/wp\/v2\/types\/product"}],"wp:featuredmedia":[{"embeddable":true,"href":"https:\/\/get.braillard.ch\/en\/wp-json\/wp\/v2\/media\/909"}],"wp:attachment":[{"href":"https:\/\/get.braillard.ch\/en\/wp-json\/wp\/v2\/media?parent=907"}],"wp:term":[{"taxonomy":"product_cat","embeddable":true,"href":"https:\/\/get.braillard.ch\/en\/wp-json\/wp\/v2\/product_cat?post=907"},{"taxonomy":"product_tag","embeddable":true,"href":"https:\/\/get.braillard.ch\/en\/wp-json\/wp\/v2\/product_tag?post=907"}],"curies":[{"name":"wp","href":"https:\/\/api.w.org\/{rel}","templated":true}]}}