{"id":877,"date":"2022-10-10T09:09:09","date_gmt":"2022-10-10T07:09:09","guid":{"rendered":"https:\/\/get.braillard.ch\/?post_type=product&#038;p=877"},"modified":"2022-11-22T12:15:40","modified_gmt":"2022-11-22T11:15:40","slug":"architecte-en-suisse-enquete-sur-une-profession-en-chantier","status":"publish","type":"product","link":"https:\/\/get.braillard.ch\/en\/produit\/architecte-en-suisse-enquete-sur-une-profession-en-chantier\/","title":{"rendered":"Architecte en Suisse. Enqu\u00eate sur une profession en chantier"},"content":{"rendered":"<p>Quels cadres r\u00e9gissent le m\u00e9tier d\u2019architecte? Quelles innovations furent d\u00e9velopp\u00e9es pour faire face aux mutations de la demande? Issu d\u2019une vaste recherche soutenue par le Fonds national de la recherche scientifique, ce livre montre les r\u00e9ussites, les audaces m\u00eame d\u2019une profession dynamique et toujours en chantier.<\/p>\n<p>Avec des exemples pr\u00e9cis, la mutation se per\u00e7oit dans son \u00e9panouissement gr\u00e2ce aux nouvelles technologies, mais aussi dans une lutte pour sa survie. Car les contraintes se multiplient: nouvelles formes d\u2019urbanisation, foison des r\u00e9glementations r\u00e9gionales ou nationales, directives europ\u00e9ennes, normes de d\u00e9veloppement durable.<\/p>\n<p>S\u2019y ajoutent la crise \u00e9conomique et les cr\u00e9dits qu\u2019on coupe, l\u2019ouverture internationale du march\u00e9 de la construction, le poids croissant des soci\u00e9t\u00e9s g\u00e9n\u00e9rales de construction. Que deviennent d\u00e8s lors les architectes ind\u00e9pendants? Que reste-t-il d\u2019une activit\u00e9 o\u00f9 la Renaissance avait reconnu un art de synth\u00e8se inspir\u00e9 par une vision globale de la soci\u00e9t\u00e9?<\/p>\n<p>Chiffres et t\u00e9moignages permettent aux auteurs de d\u00e9crire la situation r\u00e9elle de l\u2019architecte en Suisse \u2013 formation, pratique, identit\u00e9, d\u00e9ontologie \u2013 jusqu\u2019aux derniers d\u00e9veloppements: les structures int\u00e9gr\u00e9es, les mises en r\u00e9seau, les sp\u00e9cialisations. Voici un bilan des strat\u00e9gies d\u00e9velopp\u00e9es pour rendre ses valeurs \u00e0 une profession qui, sous maintes menaces, cherche et trouve de nouveaux d\u00e9ploiements.<\/p>\n","protected":false},"excerpt":{"rendered":"<p>Quels cadres r\u00e9gissent le m\u00e9tier d\u2019architecte? Quelles innovations furent d\u00e9velopp\u00e9es pour faire face aux mutations de la demande? Issu d\u2019une vaste recherche soutenue par le Fonds national de la recherche scientifique, ce livre montre les r\u00e9ussites, les audaces m\u00eame d\u2019une profession dynamique et toujours en chantier. Avec des exemples pr\u00e9cis, la mutation se per\u00e7oit dans [&hellip;]<\/p>\n","protected":false},"featured_media":903,"template":"","meta":[],"product_cat":[48,49],"product_tag":[],"class_list":{"0":"post-877","1":"product","2":"type-product","3":"status-publish","4":"has-post-thumbnail","6":"product_cat-boutique-de-la-fondation","7":"product_cat-livres","8":"product_shipping_class-envoi-normal","10":"first","11":"outofstock","12":"taxable","13":"shipping-taxable","14":"purchasable","15":"product-type-simple"},"acf":[],"_links":{"self":[{"href":"https:\/\/get.braillard.ch\/en\/wp-json\/wp\/v2\/product\/877","targetHints":{"allow":["GET"]}}],"collection":[{"href":"https:\/\/get.braillard.ch\/en\/wp-json\/wp\/v2\/product"}],"about":[{"href":"https:\/\/get.braillard.ch\/en\/wp-json\/wp\/v2\/types\/product"}],"wp:featuredmedia":[{"embeddable":true,"href":"https:\/\/get.braillard.ch\/en\/wp-json\/wp\/v2\/media\/903"}],"wp:attachment":[{"href":"https:\/\/get.braillard.ch\/en\/wp-json\/wp\/v2\/media?parent=877"}],"wp:term":[{"taxonomy":"product_cat","embeddable":true,"href":"https:\/\/get.braillard.ch\/en\/wp-json\/wp\/v2\/product_cat?post=877"},{"taxonomy":"product_tag","embeddable":true,"href":"https:\/\/get.braillard.ch\/en\/wp-json\/wp\/v2\/product_tag?post=877"}],"curies":[{"name":"wp","href":"https:\/\/api.w.org\/{rel}","templated":true}]}}