{"id":656,"date":"2022-02-17T10:58:42","date_gmt":"2022-02-17T09:58:42","guid":{"rendered":"https:\/\/get.braillard.ch\/?post_type=product&#038;p=656"},"modified":"2022-02-17T13:19:19","modified_gmt":"2022-02-17T12:19:19","slug":"geopolitique-a-lheure-de-lanthropocene-2","status":"publish","type":"product","link":"https:\/\/get.braillard.ch\/en\/produit\/geopolitique-a-lheure-de-lanthropocene-2\/","title":{"rendered":"Geopolitics in the Age of the Anthropocene"},"content":{"rendered":"<p>Our entry into the Anthropocene, this new geological epoch which follows the Holocene, and in which humans are the main forces of change on the planet, requires a profound renewal of the social sciences, and geopolitics is primarily concerned by this revolution. It is now becoming impossible to distinguish between the Earth and the world, which would only be the political and social organization of the planet. Il devient d\u00e9sormais impossible de distinguer la Terre et le monde, qui ne serait que l\u2019organisation politique et sociale de la plan\u00e8te. <\/p>\n<p>For a long time, environmental issues were kept out of politics: the Earth was ruled by physical and biological laws, while the world was ruled by political and economic laws. This separation has notably led to the current ecological crisis, which has made many geologists say that we have now changed geological epochs. In the Anthropocene, the laws of nature overtook those of human history and geography. Cette s\u00e9paration a notamment conduit \u00e0 la crise \u00e9cologique actuelle, qui fait dire \u00e0 de nombreux g\u00e9ologues que nous avons d\u00e9sormais chang\u00e9 d\u2019\u00e9poque g\u00e9ologique. Dans l\u2019Anthropoc\u00e8ne, les lois de la nature ont rattrap\u00e9 celles de l\u2019histoire et de la g\u00e9ographie humaines.  <\/p>\n<p>And this transformation of human relations with the Earth requires, in order to think about this new Earth, to invent a new geopolitics, or \u2013 to use an expression of Bruno Latour \u2013 a Ga\u00efapolitics: literally, an Earth policy.<\/p>\n","protected":false},"excerpt":{"rendered":"<p>Our entry into the Anthropocene, this new geological epoch which follows the Holocene, and in which humans are the main forces of change on the planet, requires a profound renewal of the social sciences, and geopolitics is primarily concerned by this revolution. It is now becoming impossible to distinguish between the Earth and the world, [&hellip;]<\/p>\n","protected":false},"featured_media":332,"template":"","meta":[],"product_cat":[41],"product_tag":[],"class_list":{"0":"post-656","1":"product","2":"type-product","3":"status-publish","4":"has-post-thumbnail","6":"product_cat-introduction-the-challenge-of-the-transition-project","8":"first","9":"instock","10":"virtual","11":"taxable","12":"purchasable","13":"product-type-simple"},"acf":[],"_links":{"self":[{"href":"https:\/\/get.braillard.ch\/en\/wp-json\/wp\/v2\/product\/656","targetHints":{"allow":["GET"]}}],"collection":[{"href":"https:\/\/get.braillard.ch\/en\/wp-json\/wp\/v2\/product"}],"about":[{"href":"https:\/\/get.braillard.ch\/en\/wp-json\/wp\/v2\/types\/product"}],"wp:featuredmedia":[{"embeddable":true,"href":"https:\/\/get.braillard.ch\/en\/wp-json\/wp\/v2\/media\/332"}],"wp:attachment":[{"href":"https:\/\/get.braillard.ch\/en\/wp-json\/wp\/v2\/media?parent=656"}],"wp:term":[{"taxonomy":"product_cat","embeddable":true,"href":"https:\/\/get.braillard.ch\/en\/wp-json\/wp\/v2\/product_cat?post=656"},{"taxonomy":"product_tag","embeddable":true,"href":"https:\/\/get.braillard.ch\/en\/wp-json\/wp\/v2\/product_tag?post=656"}],"curies":[{"name":"wp","href":"https:\/\/api.w.org\/{rel}","templated":true}]}}