{"id":1101,"date":"2022-11-10T12:59:24","date_gmt":"2022-11-10T11:59:24","guid":{"rendered":"https:\/\/get.braillard.ch\/?post_type=product&#038;p=1101"},"modified":"2023-12-18T10:35:45","modified_gmt":"2023-12-18T09:35:45","slug":"la-ville-se-parle-controverses-genevoises-sur-le-paysage-metropolitain","status":"publish","type":"product","link":"https:\/\/get.braillard.ch\/en\/produit\/la-ville-se-parle-controverses-genevoises-sur-le-paysage-metropolitain\/","title":{"rendered":"La ville se parle. Controverses genevoises sur le paysage m\u00e9tropolitain"},"content":{"rendered":"<p>Collection: Travaux des universit\u00e9s suisses<\/p>\n<p>&nbsp;<\/p>\n<p>La ville se transforme progressivement en m\u00e9tropole. De lieu, elle passe \u00e0 territoire. Elle agr\u00e8ge les lieux, tire des r\u00e9seaux, admet des non-lieux. L\u2019\u00e9mergence de la ville-territoire donne encore plus d\u2019importance au traitement paysager de l&#8217;espace. La production du paysage est ici examin\u00e9e dans l\u2019am\u00e9nagement urbain du canton de Gen\u00e8ve en s\u2019attachant plus sp\u00e9cifiquement \u00e0 trois projets en cours de densification de zones villas \u00e0 Gen\u00e8ve (Mervelet, Chapelle-Les Sciers, Onex). Ces zones villas sont \u00e0 la fois dot\u00e9es de structures sociod\u00e9mographiques diff\u00e9rentes et situ\u00e9es \u00e0 des stades diff\u00e9rents d\u2019avancement du projet de densification. Dans chacun de ces p\u00e9rim\u00e8tres, les populations ont d\u00e9velopp\u00e9 des strat\u00e9gies sp\u00e9cifiques pour faire valoir leur territoire comme un espace dot\u00e9 d\u2019une valeur esth\u00e9tique. On constate que dans le contexte ouvert de l\u2019am\u00e9nagement urbain et de la densification, les repr\u00e9sentations du paysage divergent selon qu\u2019elles sont port\u00e9es par les habitants, les experts ou les \u00e9lus. Le dialogue sur le sujet se trouve le plus souvent r\u00e9duit \u00e0 une succession de monologues conduisant \u00e0 la confrontation et la controverse. \u00a0Dans un pays o\u00f9 le consensus prime, la confrontation se r\u00e9v\u00e8le vertueuse. Les habitants d&#8217;un territoire en viennent \u00e0 identifier une valeur esth\u00e9tique ordinaire \u00e0 leur lieu de vie. Cette valeur est per\u00e7ue souvent, de fa\u00e7on spontan\u00e9e, comme celle d\u2019un paysage du quotidien et son appr\u00e9ciation est souvent d\u00e9nu\u00e9e de qualification esth\u00e9tique, car l\u00e0 n&#8217;est pas la perspective dans laquelle le paysage est appr\u00e9hend\u00e9. L\u2019ouvrage avance l\u2019id\u00e9e que les modalit\u00e9s d\u2019appropriation quotidienne des territoires ordinaires forgent l\u2019identit\u00e9 d\u2019un site et sont \u00e0 l\u2019origine de la production d\u2019une valeur paysag\u00e8re qui n\u2019est pas n\u00e9cessairement celle des experts\u00a0de la fabrique urbaine. Les enjeux de la densification incitent alors les habitants \u00e0 transformer cette valeur esth\u00e9tique en une dimension patrimoniale, notamment pour influencer le projet et sa conduite.<\/p>\n<p>&nbsp;<\/p>\n","protected":false},"excerpt":{"rendered":"<p>Collection: Travaux des universit\u00e9s suisses &nbsp; La ville se transforme progressivement en m\u00e9tropole. De lieu, elle passe \u00e0 territoire. Elle agr\u00e8ge les lieux, tire des r\u00e9seaux, admet des non-lieux. L\u2019\u00e9mergence de la ville-territoire donne encore plus d\u2019importance au traitement paysager de l&#8217;espace. La production du paysage est ici examin\u00e9e dans l\u2019am\u00e9nagement urbain du canton de [&hellip;]<\/p>\n","protected":false},"featured_media":1104,"template":"","meta":[],"product_cat":[48,49],"product_tag":[],"class_list":{"0":"post-1101","1":"product","2":"type-product","3":"status-publish","4":"has-post-thumbnail","6":"product_cat-boutique-de-la-fondation","7":"product_cat-livres","8":"product_shipping_class-envoi-normal","10":"first","11":"instock","12":"taxable","13":"shipping-taxable","14":"purchasable","15":"product-type-simple"},"acf":[],"_links":{"self":[{"href":"https:\/\/get.braillard.ch\/en\/wp-json\/wp\/v2\/product\/1101","targetHints":{"allow":["GET"]}}],"collection":[{"href":"https:\/\/get.braillard.ch\/en\/wp-json\/wp\/v2\/product"}],"about":[{"href":"https:\/\/get.braillard.ch\/en\/wp-json\/wp\/v2\/types\/product"}],"wp:featuredmedia":[{"embeddable":true,"href":"https:\/\/get.braillard.ch\/en\/wp-json\/wp\/v2\/media\/1104"}],"wp:attachment":[{"href":"https:\/\/get.braillard.ch\/en\/wp-json\/wp\/v2\/media?parent=1101"}],"wp:term":[{"taxonomy":"product_cat","embeddable":true,"href":"https:\/\/get.braillard.ch\/en\/wp-json\/wp\/v2\/product_cat?post=1101"},{"taxonomy":"product_tag","embeddable":true,"href":"https:\/\/get.braillard.ch\/en\/wp-json\/wp\/v2\/product_tag?post=1101"}],"curies":[{"name":"wp","href":"https:\/\/api.w.org\/{rel}","templated":true}]}}