{"id":1066,"date":"2022-11-01T11:04:01","date_gmt":"2022-11-01T10:04:01","guid":{"rendered":"https:\/\/get.braillard.ch\/?post_type=product&#038;p=1066"},"modified":"2025-08-24T16:07:37","modified_gmt":"2025-08-24T14:07:37","slug":"maurice-braillard-pionnier-suisse-de-larchitecture-moderne","status":"publish","type":"product","link":"https:\/\/get.braillard.ch\/en\/produit\/maurice-braillard-pionnier-suisse-de-larchitecture-moderne\/","title":{"rendered":"Maurice Braillard Pionnier suisse de l\u2019architecture moderne"},"content":{"rendered":"<p style=\"margin-top: 0cm;\"><span lang=\"FR\" style=\"font-size: 12.0pt; font-family: 'Arial',sans-serif; color: black;\">Paru \u00e0 l\u2019occasion de l\u2019exposition \u00e9ponyme, cet ouvrage collectif d\u00e9veloppe une approche th\u00e9matique des principaux projets et r\u00e9alisations de Maurice Braillard. Il propose un regard critique sur une \u0153uvre pionni\u00e8re, pour ne pas dire visionnaire. Une \u0153uvre qui, \u00e0 ce titre, brille au firmament du patrimoine architectural moderne genevois et suisse. <\/span><\/p>\n<p style=\"margin-top: 0cm;\"><span lang=\"FR\" style=\"font-size: 12.0pt; font-family: 'Arial',sans-serif; color: black;\">Les contributions d\u2019architectes, d\u2019urbanistes et d\u2019historiens de l\u2019architecture locaux et internationaux y sont organis\u00e9es en 3 sections\u00a0: <i>forme et composition architecturales<\/i>, <i>projet social<\/i>, <i>urbanisme et politiques municipales<\/i>. En ouverture, le lecteur trouve une r\u00e9flexion sur l\u2019actualit\u00e9 d\u2019une parmi les \u0153uvres les plus singuli\u00e8res de l\u2019architecture et de l\u2019urbanisme moderne. En conclusion, un parcours biographique permet d\u2019appr\u00e9hender la carri\u00e8re, \u0153uvre et r\u00e9seau de Maurice Braillard dans sa chronologie.<\/span><\/p>\n<p style=\"margin-top: 0cm;\"><span lang=\"FR\" style=\"font-size: 12.0pt; font-family: 'Arial',sans-serif; color: black;\">Remarquable enfin la qualit\u00e9 et l\u2019originalit\u00e9 de la documentation graphique\u00a0: dessins, plans, croquis ou encore photographies souvent in\u00e9dits et en pleine page. Le tout judicieusement organis\u00e9 en sections th\u00e9matiques\u00a0: <i>\u00e9difices publics, immeubles bourgeois, logements \u00e9conomiques, projets urbains<\/i>.<\/span><\/p>\n<p style=\"margin-top: 0cm;\"><span lang=\"FR\" style=\"font-size: 12.0pt; font-family: 'Arial',sans-serif; color: black;\">Textes de Pascal Amphoux, Tim Benton, Armand Brulhart, Olivier Cinqualbre, Elena Cogato, Rachel Even, Roger-Henri Guerrand, Paul Marti, Ursula Paravicini, Bruno Reichlin, Arthur Ruegg et Alberto Sartoris<\/span><\/p>\n","protected":false},"excerpt":{"rendered":"<p>Paru \u00e0 l\u2019occasion de l\u2019exposition \u00e9ponyme, cet ouvrage collectif d\u00e9veloppe une approche th\u00e9matique des principaux projets et r\u00e9alisations de Maurice Braillard. Il propose un regard critique sur une \u0153uvre pionni\u00e8re, pour ne pas dire visionnaire. Une \u0153uvre qui, \u00e0 ce titre, brille au firmament du patrimoine architectural moderne genevois et suisse. Les contributions d\u2019architectes, d\u2019urbanistes [&hellip;]<\/p>\n","protected":false},"featured_media":1067,"template":"","meta":[],"product_cat":[48,49],"product_tag":[59],"class_list":{"0":"post-1066","1":"product","2":"type-product","3":"status-publish","4":"has-post-thumbnail","6":"product_cat-boutique-de-la-fondation","7":"product_cat-livres","8":"product_tag-architectes-braillard","9":"product_shipping_class-envoi-normal","11":"first","12":"instock","13":"taxable","14":"shipping-taxable","15":"purchasable","16":"product-type-variable"},"acf":[],"_links":{"self":[{"href":"https:\/\/get.braillard.ch\/en\/wp-json\/wp\/v2\/product\/1066","targetHints":{"allow":["GET"]}}],"collection":[{"href":"https:\/\/get.braillard.ch\/en\/wp-json\/wp\/v2\/product"}],"about":[{"href":"https:\/\/get.braillard.ch\/en\/wp-json\/wp\/v2\/types\/product"}],"wp:featuredmedia":[{"embeddable":true,"href":"https:\/\/get.braillard.ch\/en\/wp-json\/wp\/v2\/media\/1067"}],"wp:attachment":[{"href":"https:\/\/get.braillard.ch\/en\/wp-json\/wp\/v2\/media?parent=1066"}],"wp:term":[{"taxonomy":"product_cat","embeddable":true,"href":"https:\/\/get.braillard.ch\/en\/wp-json\/wp\/v2\/product_cat?post=1066"},{"taxonomy":"product_tag","embeddable":true,"href":"https:\/\/get.braillard.ch\/en\/wp-json\/wp\/v2\/product_tag?post=1066"}],"curies":[{"name":"wp","href":"https:\/\/api.w.org\/{rel}","templated":true}]}}