{"id":1028,"date":"2022-10-19T17:48:24","date_gmt":"2022-10-19T15:48:24","guid":{"rendered":"https:\/\/get.braillard.ch\/?post_type=product&#038;p=1028"},"modified":"2025-07-28T09:58:53","modified_gmt":"2025-07-28T07:58:53","slug":"maurice-braillard-et-le-telepherique-du-saleve-affiche","status":"publish","type":"product","link":"https:\/\/get.braillard.ch\/en\/produit\/maurice-braillard-et-le-telepherique-du-saleve-affiche\/","title":{"rendered":"Maurice Braillard et le t\u00e9l\u00e9ph\u00e9rique du Sal\u00e8ve \u2013 Affiche"},"content":{"rendered":"<p>Affiche format A1 (594\u00d7841 mm)<\/p>\n<p>Tirage limit\u00e9 sur papier Conqu\u00e9ror verg\u00e9 160 gr.<\/p>\n<p><span class=\"x8t9es0 x1fvot60 xo1l8bm xxio538 x108nfp6 xq9mrsl x1mzt3pk x1vvkbs x13faqbe xeuugli\">R\u00e9\u00e9dition de l&#8217;affiche de l&#8217;exposition Maurice Braillard (Mus\u00e9e Rath, 1993), par John Aldus, d&#8217;apr\u00e8s l&#8217;affiche originale &#8220;le Sal\u00e8ve&#8221; de 1932 par Henry Reb.<br \/>\n<\/span><\/p>\n","protected":false},"excerpt":{"rendered":"<p>Affiche format A1 (594\u00d7841 mm) Tirage limit\u00e9 sur papier Conqu\u00e9ror verg\u00e9 160 gr. R\u00e9\u00e9dition de l&#8217;affiche de l&#8217;exposition Maurice Braillard (Mus\u00e9e Rath, 1993), par John Aldus, d&#8217;apr\u00e8s l&#8217;affiche originale &#8220;le Sal\u00e8ve&#8221; de 1932 par Henry Reb.<\/p>\n","protected":false},"featured_media":1029,"template":"","meta":[],"product_cat":[48,50],"product_tag":[59],"class_list":{"0":"post-1028","1":"product","2":"type-product","3":"status-publish","4":"has-post-thumbnail","6":"product_cat-boutique-de-la-fondation","7":"product_cat-affiches","8":"product_tag-architectes-braillard","9":"product_shipping_class-envoi-normal","11":"first","12":"outofstock","13":"taxable","14":"shipping-taxable","15":"purchasable","16":"product-type-simple"},"acf":[],"_links":{"self":[{"href":"https:\/\/get.braillard.ch\/en\/wp-json\/wp\/v2\/product\/1028","targetHints":{"allow":["GET"]}}],"collection":[{"href":"https:\/\/get.braillard.ch\/en\/wp-json\/wp\/v2\/product"}],"about":[{"href":"https:\/\/get.braillard.ch\/en\/wp-json\/wp\/v2\/types\/product"}],"wp:featuredmedia":[{"embeddable":true,"href":"https:\/\/get.braillard.ch\/en\/wp-json\/wp\/v2\/media\/1029"}],"wp:attachment":[{"href":"https:\/\/get.braillard.ch\/en\/wp-json\/wp\/v2\/media?parent=1028"}],"wp:term":[{"taxonomy":"product_cat","embeddable":true,"href":"https:\/\/get.braillard.ch\/en\/wp-json\/wp\/v2\/product_cat?post=1028"},{"taxonomy":"product_tag","embeddable":true,"href":"https:\/\/get.braillard.ch\/en\/wp-json\/wp\/v2\/product_tag?post=1028"}],"curies":[{"name":"wp","href":"https:\/\/api.w.org\/{rel}","templated":true}]}}