{"id":1021,"date":"2022-10-19T17:37:48","date_gmt":"2022-10-19T15:37:48","guid":{"rendered":"https:\/\/get.braillard.ch\/?post_type=product&#038;p=1021"},"modified":"2024-11-19T09:53:33","modified_gmt":"2024-11-19T08:53:33","slug":"le-sol-des-villes-ressource-et-projet","status":"publish","type":"product","link":"https:\/\/get.braillard.ch\/en\/produit\/le-sol-des-villes-ressource-et-projet\/","title":{"rendered":"Le sol des villes. Ressource et projet"},"content":{"rendered":"<p style=\"margin-top: 0cm;\"><span lang=\"FR\" style=\"font-size: 12.0pt; font-family: 'Arial',sans-serif; color: black;\">Collection\u00a0: VuesDensemble Essais<\/span><\/p>\n<p>&nbsp;<\/p>\n<p>Le sol est longtemps rest\u00e9 le grand refoul\u00e9 de la construction des villes. Perdu entre les fondations de nos infrastructures, sous les caves de nos b\u00e2timents ou le rev\u00eatement de nos rues, il demeure une ressource trop souvent ignor\u00e9e par la modernit\u00e9 urbaine, qui s\u2019est historiquement positionn\u00e9e contre la ruralit\u00e9 et son culte du sol.<br \/>\nCritique \u00e0 l\u2019\u00e9gard de ce d\u00e9ni, Bernardo Secchi n\u2019a eu de cesse d\u2019affirmer que l\u2019urbanisme doit reposer sur un v\u00e9ritable \u00ab projet de sol \u00bb. Dans le salon du grand urbaniste italien, <em>Le sol des villes<\/em> rend compte d\u2019un d\u00e9bat pluridisciplinaire qui reprend la probl\u00e9matique du sol \u00e0 partir de ses dimensions \u00e9l\u00e9mentaires: arch\u00e9ologie, architecture, g\u00e9ographie, histoire, paysage, p\u00e9dologie, philosophie, urbanisme. Avance la conscience que le sol enregistre de mani\u00e8re aussi bien mat\u00e9rielle que symbolique notre commerce avec la terre.<br \/>\nLes quatorzes contributions de ce volume proposent ainsi des descriptions et des repr\u00e9sentations originales qui renouvellent notre regard sur la ville et confirment cette constatation d\u00e9sormais incontournable: le sol est au coeur du projet urbain et territorial et s\u2019impose donc comme un \u00e9l\u00e9ment capital de la transition \u00e9cologique du 21e si\u00e8cle.<\/p>\n<p>&nbsp;<\/p>\n<h2>Contributions<\/h2>\n<p>&nbsp;<\/p>\n<p>Monica Bianchetti Del Grano, Marine Durand, David H. Haney, Elena Havlicek, Laurent Hodebert, Timo Rabat, Halimatou Mama Awal, Panos Mantziaras, S\u00e9bastien Marot, Germain Ceulemans, Pierre Pinon, David Ripoll, Nicolas Tixier, Adrian Torres Astaburuaga, Paola Vigan\u00f2, Axel Zutz.<\/p>\n","protected":false},"excerpt":{"rendered":"<p>Collection\u00a0: VuesDensemble Essais &nbsp; Le sol est longtemps rest\u00e9 le grand refoul\u00e9 de la construction des villes. Perdu entre les fondations de nos infrastructures, sous les caves de nos b\u00e2timents ou le rev\u00eatement de nos rues, il demeure une ressource trop souvent ignor\u00e9e par la modernit\u00e9 urbaine, qui s\u2019est historiquement positionn\u00e9e contre la ruralit\u00e9 et [&hellip;]<\/p>\n","protected":false},"featured_media":1022,"template":"","meta":[],"product_cat":[48,49],"product_tag":[58],"class_list":{"0":"post-1021","1":"product","2":"type-product","3":"status-publish","4":"has-post-thumbnail","6":"product_cat-boutique-de-la-fondation","7":"product_cat-livres","8":"product_tag-journees-bernardo-secchi","9":"product_shipping_class-envoi-gratuit","11":"first","12":"outofstock","13":"sold-individually","14":"taxable","15":"shipping-taxable","16":"purchasable","17":"product-type-simple"},"acf":[],"_links":{"self":[{"href":"https:\/\/get.braillard.ch\/en\/wp-json\/wp\/v2\/product\/1021","targetHints":{"allow":["GET"]}}],"collection":[{"href":"https:\/\/get.braillard.ch\/en\/wp-json\/wp\/v2\/product"}],"about":[{"href":"https:\/\/get.braillard.ch\/en\/wp-json\/wp\/v2\/types\/product"}],"wp:featuredmedia":[{"embeddable":true,"href":"https:\/\/get.braillard.ch\/en\/wp-json\/wp\/v2\/media\/1022"}],"wp:attachment":[{"href":"https:\/\/get.braillard.ch\/en\/wp-json\/wp\/v2\/media?parent=1021"}],"wp:term":[{"taxonomy":"product_cat","embeddable":true,"href":"https:\/\/get.braillard.ch\/en\/wp-json\/wp\/v2\/product_cat?post=1021"},{"taxonomy":"product_tag","embeddable":true,"href":"https:\/\/get.braillard.ch\/en\/wp-json\/wp\/v2\/product_tag?post=1021"}],"curies":[{"name":"wp","href":"https:\/\/api.w.org\/{rel}","templated":true}]}}