{"id":1013,"date":"2022-10-19T17:33:28","date_gmt":"2022-10-19T15:33:28","guid":{"rendered":"https:\/\/get.braillard.ch\/?post_type=product&#038;p=1013"},"modified":"2024-10-08T10:02:27","modified_gmt":"2024-10-08T08:02:27","slug":"racines-modernes-de-la-ville-contemporaine-distances-et-formes-de-resilience","status":"publish","type":"product","link":"https:\/\/get.braillard.ch\/en\/produit\/racines-modernes-de-la-ville-contemporaine-distances-et-formes-de-resilience\/","title":{"rendered":"Racines modernes de la ville contemporaine. Distances et formes de r\u00e9silience"},"content":{"rendered":"<p style=\"margin-top: 0cm;\"><span lang=\"FR\" style=\"font-size: 12.0pt; font-family: 'Arial',sans-serif; color: black;\">Collection\u00a0: VuesDensemble Essais<\/span><\/p>\n<p>&nbsp;<\/p>\n<p style=\"margin-top: 0cm;\"><span lang=\"FR\" style=\"font-size: 12.0pt; font-family: 'PlainThin',serif; color: black;\">\u00c0 presque un si\u00e8cle de la D\u00e9claration de La Sarraz, acte fondateur des Congr\u00e8s internationaux d\u2019architecture moderne et, par extension, de l\u2019urbanisme moderne, des questions nouvelles se posent pour le futur d\u2019une plan\u00e8te majoritairement urbaine. Largement connue et en partie justifi\u00e9e, la critique \u00e0 l\u2019\u00e9gard des principes des CIAM, des projets et des r\u00e9sultats concrets en d\u00e9coulant n\u2019a jamais suffisamment tenu compte de leur d\u00e9calage avec les d\u00e9fis environnementaux et sociaux de la ville contemporaine. Con\u00e7u pour atteindre des objectifs d\u2019\u00e9mancipation sociale, le cadre urbain des derniers cent ans se doit d\u2019\u00eatre \u00e9valu\u00e9 quant \u00e0 sa r\u00e9silience face aux crises \u00e9cologiques qui s\u2019annoncent. En somme, quid de la ville moderne en tant que relais entre la premi\u00e8re modernit\u00e9 et le projet de transition \u00e9cologique?<\/span><\/p>\n<p style=\"margin-top: 0cm;\"><span lang=\"FR\" style=\"font-size: 12.0pt; font-family: 'PlainThin',serif; color: black;\">Cet ouvrage aborde cette probl\u00e9matique aussi bien sous un angle th\u00e9orique et critique, qu\u2019\u00e0 travers l\u2019\u00e9tude de l\u2019\u00e9volution de la ville moderne dans son \u00e9picentre g\u00e9ographique europ\u00e9en et en dehors de celui-ci. Des th\u00e8mes de recherche originaux sont ainsi esquiss\u00e9s entre visions globales et cas d\u2019\u00e9tude, diagnostics et prospectives, en reconstituant les trajectoires d\u2019\u00e9minentes personnalit\u00e9s et des collectifs dynamiques. Il s\u2019en d\u00e9gage une aporie disciplinaire saisissante, celle de la trajectoire prise par la ville du 20<\/span><sup><span lang=\"FR\" style=\"font-size: 9.0pt; font-family: 'PlainThin',serif; color: black;\">e<\/span><\/sup><span class=\"apple-converted-space\"><span lang=\"FR\" style=\"font-size: 12.0pt; font-family: 'PlainThin',serif; color: black;\">\u00a0<\/span><\/span><span lang=\"FR\" style=\"font-size: 12.0pt; font-family: 'PlainThin',serif; color: black;\">si\u00e8cle, sans doute prometteuse pour les individus, mais fort ambigu\u00eb pour les communaut\u00e9s et certainement trop exigeante pour la biosph\u00e8re.<\/span><\/p>\n<p style=\"margin-top: 0cm;\"><span lang=\"FR\" style=\"font-size: 12.0pt; font-family: 'PlainThin',serif; color: black;\">Textes d\u2019\u00c9ric Alonzo, Enrico Chapel, Florian Faurisson, Andrei Feraru, Filippo Fiandanese, Kent Fitzsimons, Malaury Forget, Fanny Gerbeaud, Maarten Gheysen, Silvia Lanteri, G\u00e9ry Leloutre, Thierry Madoul, Panos Mantziaras, Eric Mumford, David Peleman, Alessandro Porotto, Matthew Skjonsberg, Marcel Smets et Paola Vigan\u00f2.<\/span><\/p>\n<p>&nbsp;<\/p>\n","protected":false},"excerpt":{"rendered":"<p>Collection\u00a0: VuesDensemble Essais &nbsp; \u00c0 presque un si\u00e8cle de la D\u00e9claration de La Sarraz, acte fondateur des Congr\u00e8s internationaux d\u2019architecture moderne et, par extension, de l\u2019urbanisme moderne, des questions nouvelles se posent pour le futur d\u2019une plan\u00e8te majoritairement urbaine. Largement connue et en partie justifi\u00e9e, la critique \u00e0 l\u2019\u00e9gard des principes des CIAM, des projets [&hellip;]<\/p>\n","protected":false},"featured_media":1014,"template":"","meta":[],"product_cat":[48,49],"product_tag":[58],"class_list":{"0":"post-1013","1":"product","2":"type-product","3":"status-publish","4":"has-post-thumbnail","6":"product_cat-boutique-de-la-fondation","7":"product_cat-livres","8":"product_tag-journees-bernardo-secchi","9":"product_shipping_class-envoi-gratuit","11":"first","12":"instock","13":"taxable","14":"shipping-taxable","15":"purchasable","16":"product-type-simple"},"acf":[],"_links":{"self":[{"href":"https:\/\/get.braillard.ch\/en\/wp-json\/wp\/v2\/product\/1013","targetHints":{"allow":["GET"]}}],"collection":[{"href":"https:\/\/get.braillard.ch\/en\/wp-json\/wp\/v2\/product"}],"about":[{"href":"https:\/\/get.braillard.ch\/en\/wp-json\/wp\/v2\/types\/product"}],"wp:featuredmedia":[{"embeddable":true,"href":"https:\/\/get.braillard.ch\/en\/wp-json\/wp\/v2\/media\/1014"}],"wp:attachment":[{"href":"https:\/\/get.braillard.ch\/en\/wp-json\/wp\/v2\/media?parent=1013"}],"wp:term":[{"taxonomy":"product_cat","embeddable":true,"href":"https:\/\/get.braillard.ch\/en\/wp-json\/wp\/v2\/product_cat?post=1013"},{"taxonomy":"product_tag","embeddable":true,"href":"https:\/\/get.braillard.ch\/en\/wp-json\/wp\/v2\/product_tag?post=1013"}],"curies":[{"name":"wp","href":"https:\/\/api.w.org\/{rel}","templated":true}]}}