{"id":1009,"date":"2022-10-19T17:31:26","date_gmt":"2022-10-19T15:31:26","guid":{"rendered":"https:\/\/get.braillard.ch\/?post_type=product&#038;p=1009"},"modified":"2022-11-22T13:34:13","modified_gmt":"2022-11-22T12:34:13","slug":"dessiner-la-transition-dispositifs-pour-une-metropole-ecologique","status":"publish","type":"product","link":"https:\/\/get.braillard.ch\/en\/produit\/dessiner-la-transition-dispositifs-pour-une-metropole-ecologique\/","title":{"rendered":"Dessiner la transition. Dispositifs pour une m\u00e9tropole \u00e9cologique"},"content":{"rendered":"<p>Collection: vuesDensemble LignesDerre<\/p>\n<p style=\"margin-top: 0cm;\"><span lang=\"FR\" style=\"font-size: 12.0pt; font-family: 'Arial',sans-serif; color: black;\">Les disciplines de la transformation de l\u2019espace sont en premi\u00e8re ligne pour orienter nos soci\u00e9t\u00e9s, nos villes et nos territoires sur la voie d\u2019un m\u00e9tabolisme d\u00e9carbon\u00e9 et d\u2019une empreinte \u00e9cologique globale qui ne d\u00e9passe pas les capacit\u00e9s de renouvellement des ressources plan\u00e9taires. Cette transition, une dynamique engageant une reconsid\u00e9ration fondamentale de nos modes de vie, constitue d\u00e9sormais le dessein premier du projet architectural, urbain et paysager. Quels dispositifs socio-spatiaux, quels processus, quels syst\u00e8mes, quelles \u00e9chelles, quelles temporalit\u00e9s, quelles m\u00e9triques et quelles valeurs ce dernier doit-il recomposer ou r\u00e9inventer?<\/span><\/p>\n<p style=\"margin-top: 0cm;\"><span lang=\"FR\" style=\"font-size: 12.0pt; font-family: 'Arial',sans-serif; color: black;\">Dessiner les nouvelles lignes directrices de la transition, c\u2019est ici l\u2019objectif qui anime ce livre issu d\u2019une coop\u00e9ration fertile et imaginative entre la Fondation Braillard Architectes de Gen\u00e8ve et le Metrolab Brussels.<\/span><\/p>\n<p style=\"margin-top: 0cm;\"><span lang=\"FR\" style=\"font-size: 12.0pt; font-family: 'Arial',sans-serif; color: black;\">Avec la participation de Marcellin Barthassat, Dominique Bour, Benjamin Cadranel, Elena Cogato-Lanza. Thomas Devance, Nicolas Dendoncker, Jean-Philippe De Visscher, Sylvain Ferretti, Fr\u00e9d\u00e9ric Josselin, Fran\u00e7ois Lohest, Aniss M. Mezoued, S\u00e9verine Pastor, Jean-Philippe Peemans, Paola Vigan\u00f2 et Marine Villaret.<\/span><\/p>\n<p>&nbsp;<\/p>\n<h5><strong>Table des mati\u00e8res<\/strong><\/h5>\n<p>&nbsp;<\/p>\n<ul>\n<li>La Gazette \u2013 H\u00e9l\u00e8ne Gallezot<\/li>\n<\/ul>\n<p><strong>Pr\u00e9lude<\/strong><\/p>\n<ul>\n<li>La transition \u00e9cologique par le projet architectural, urbain et paysager \u2013 Panos Mantziaras<\/li>\n<li>La concurrence des \u00e9crits \u2013 Dominique Bourg<\/li>\n<\/ul>\n<p><strong>Mouvement 1 \u2013 La nouvelle mobilit\u00e9<\/strong><\/p>\n<ul>\n<li><em>Why No Car<\/em>? Dessiner la ville autrement \u2013 Paola Vigan\u00f2<\/li>\n<li>Urbanisme et mobilit\u00e9. Solutions nouvelles \u2013 Sylvain Ferretti, S\u00e9verine Pastor<\/li>\n<li>Du pi\u00e9tonnier bruxellois au projet urbain. Les outils et les m\u00e9thodes de la transition mobilitaire \u2013 Aniss M- Mezoued, Jean-Philippe De Visscher<\/li>\n<\/ul>\n<p><strong>Mouvement 2 \u2013 La transition par l\u2019alimentation<\/strong><\/p>\n<ul>\n<li>L\u2019approche par les services \u00e9cosyst\u00e9miques. Un levier pour l\u2019agriculture urbaine? \u2013 Nicolas Dendoncker<\/li>\n<li>Agriculture m\u00e9tropolitaine. La m\u00e9tropole comme ressource pour le dessin de la s\u00e9curit\u00e9 alimentaire \u2013 Elena Cogato Lanza, Marine Villaret<\/li>\n<li>Transitions alimentaires \u00e0 Bruxelles. Un croquis critique \u2013 Fran\u00e7ois Lohest<\/li>\n<\/ul>\n<p><strong>Mouvement 3 \u2013 La relation travail-territoire<\/strong><\/p>\n<ul>\n<li>Quelle transition vers quel d\u00e9veloppement? \u2013 Jean-Philippe Peemans<\/li>\n<li>Emploi, formation et territorialit\u00e9 pour un Grand Gen\u00e8ve durable. Le cas de la Cit\u00e9 des m\u00e9tiers \u2013 Djem\u00e2a Chra\u00efti<\/li>\n<li>Fabriquer en ville pour fabriquer la ville \u2013 Benjamin Cadranel<\/li>\n<\/ul>\n<p><strong>Interlude<\/strong><\/p>\n<ul>\n<li>Voir ou le sens du dessin \u2013 Marcellin Barthassat, Panos Mantziaras<\/li>\n<\/ul>\n<p><strong>Mouvement 4 \u2013 La transition dans le monde des acteurs<\/strong><\/p>\n<ul>\n<li>L\u2019adaptation au changement climatique. Acteurs, gouvernance, transition \u00e9cologique \u2013 R\u00e9mi Baudou\u00ef<\/li>\n<li>Le Community Land Trust. Fabriquer la ville sur le terrain en commun \u2013 Thomas Dawance<\/li>\n<li>Gen\u00e8ve et la gouvernance \u00e0 l\u2019heure de la transition \u00e9cologique \u2013 Fr\u00e9d\u00e9ric Josselin<\/li>\n<\/ul>\n<p><strong>Final<\/strong><\/p>\n<ul>\n<li>Transition Mix. R\u00e9cit polyphonique en un dess(e)in et 1000 formes \u2013 Bernard Decl\u00e8ve<\/li>\n<li>Dessiner la transition. Une question \u00e9pist\u00e9mologique \u2013 Roselyne de Lestrange<\/li>\n<\/ul>\n<p><strong>Bibliographie<\/strong><\/p>\n<p><strong>Auteurs<\/strong><\/p>\n<p><strong>Cr\u00e9dits<\/strong><\/p>\n<p><img fetchpriority=\"high\" decoding=\"async\" class=\"alignleft wp-image-3609 size-medium\" src=\"https:\/\/braillard.ch\/wp-content\/uploads\/2020\/09\/01f03459-690a-4db4-aafc-922e0575bef1-300x182.png\" sizes=\"(max-width: 300px) 100vw, 300px\" srcset=\"https:\/\/braillard.ch\/wp-content\/uploads\/2020\/09\/01f03459-690a-4db4-aafc-922e0575bef1-300x182.png 300w, https:\/\/braillard.ch\/wp-content\/uploads\/2020\/09\/01f03459-690a-4db4-aafc-922e0575bef1-768x466.png 768w, https:\/\/braillard.ch\/wp-content\/uploads\/2020\/09\/01f03459-690a-4db4-aafc-922e0575bef1.png 900w\" alt=\"\" width=\"300\" height=\"182\" \/> <img decoding=\"async\" class=\"alignleft wp-image-3611 size-medium\" src=\"https:\/\/braillard.ch\/wp-content\/uploads\/2020\/09\/19e9a184-971e-494e-b215-e032b9c7fa2c-300x182.png\" sizes=\"(max-width: 300px) 100vw, 300px\" srcset=\"https:\/\/braillard.ch\/wp-content\/uploads\/2020\/09\/19e9a184-971e-494e-b215-e032b9c7fa2c-300x182.png 300w, https:\/\/braillard.ch\/wp-content\/uploads\/2020\/09\/19e9a184-971e-494e-b215-e032b9c7fa2c-768x466.png 768w, https:\/\/braillard.ch\/wp-content\/uploads\/2020\/09\/19e9a184-971e-494e-b215-e032b9c7fa2c.png 900w\" alt=\"\" width=\"300\" height=\"182\" \/> <img decoding=\"async\" class=\"alignleft wp-image-3613 size-medium\" src=\"https:\/\/braillard.ch\/wp-content\/uploads\/2020\/09\/a4b607c9-2667-4334-a205-2cf97a54dbcd-300x182.png\" sizes=\"(max-width: 300px) 100vw, 300px\" srcset=\"https:\/\/braillard.ch\/wp-content\/uploads\/2020\/09\/a4b607c9-2667-4334-a205-2cf97a54dbcd-300x182.png 300w, https:\/\/braillard.ch\/wp-content\/uploads\/2020\/09\/a4b607c9-2667-4334-a205-2cf97a54dbcd-768x466.png 768w, https:\/\/braillard.ch\/wp-content\/uploads\/2020\/09\/a4b607c9-2667-4334-a205-2cf97a54dbcd.png 900w\" alt=\"\" width=\"300\" height=\"182\" \/> <img loading=\"lazy\" decoding=\"async\" class=\"alignleft wp-image-3615 size-medium\" src=\"https:\/\/braillard.ch\/wp-content\/uploads\/2020\/09\/f9193dc0-6748-47c7-b153-083101939c1c-300x182.png\" sizes=\"(max-width: 300px) 100vw, 300px\" srcset=\"https:\/\/braillard.ch\/wp-content\/uploads\/2020\/09\/f9193dc0-6748-47c7-b153-083101939c1c-300x182.png 300w, https:\/\/braillard.ch\/wp-content\/uploads\/2020\/09\/f9193dc0-6748-47c7-b153-083101939c1c-768x466.png 768w, https:\/\/braillard.ch\/wp-content\/uploads\/2020\/09\/f9193dc0-6748-47c7-b153-083101939c1c.png 900w\" alt=\"\" width=\"300\" height=\"182\" \/><\/p>\n<div class=\"addtoany_share_save_container addtoany_content addtoany_content_bottom\">\n<div class=\"a2a_kit a2a_kit_size_32 addtoany_list\" data-a2a-url=\"https:\/\/braillard.ch\/activites\/dessiner-la-transition-le-livre\/\" data-a2a-title=\"Dessiner la transition \u2013 le livre\"><\/div>\n<\/div>\n","protected":false},"excerpt":{"rendered":"<p>Collection: vuesDensemble LignesDerre Les disciplines de la transformation de l\u2019espace sont en premi\u00e8re ligne pour orienter nos soci\u00e9t\u00e9s, nos villes et nos territoires sur la voie d\u2019un m\u00e9tabolisme d\u00e9carbon\u00e9 et d\u2019une empreinte \u00e9cologique globale qui ne d\u00e9passe pas les capacit\u00e9s de renouvellement des ressources plan\u00e9taires. Cette transition, une dynamique engageant une reconsid\u00e9ration fondamentale de nos [&hellip;]<\/p>\n","protected":false},"featured_media":1010,"template":"","meta":[],"product_cat":[48,49],"product_tag":[],"class_list":{"0":"post-1009","1":"product","2":"type-product","3":"status-publish","4":"has-post-thumbnail","6":"product_cat-boutique-de-la-fondation","7":"product_cat-livres","8":"product_shipping_class-envoi-gratuit","10":"first","11":"instock","12":"taxable","13":"shipping-taxable","14":"purchasable","15":"product-type-simple"},"acf":[],"_links":{"self":[{"href":"https:\/\/get.braillard.ch\/en\/wp-json\/wp\/v2\/product\/1009","targetHints":{"allow":["GET"]}}],"collection":[{"href":"https:\/\/get.braillard.ch\/en\/wp-json\/wp\/v2\/product"}],"about":[{"href":"https:\/\/get.braillard.ch\/en\/wp-json\/wp\/v2\/types\/product"}],"wp:featuredmedia":[{"embeddable":true,"href":"https:\/\/get.braillard.ch\/en\/wp-json\/wp\/v2\/media\/1010"}],"wp:attachment":[{"href":"https:\/\/get.braillard.ch\/en\/wp-json\/wp\/v2\/media?parent=1009"}],"wp:term":[{"taxonomy":"product_cat","embeddable":true,"href":"https:\/\/get.braillard.ch\/en\/wp-json\/wp\/v2\/product_cat?post=1009"},{"taxonomy":"product_tag","embeddable":true,"href":"https:\/\/get.braillard.ch\/en\/wp-json\/wp\/v2\/product_tag?post=1009"}],"curies":[{"name":"wp","href":"https:\/\/api.w.org\/{rel}","templated":true}]}}