{"id":1004,"date":"2022-10-19T17:17:56","date_gmt":"2022-10-19T15:17:56","guid":{"rendered":"https:\/\/get.braillard.ch\/?post_type=product&#038;p=1004"},"modified":"2022-11-16T12:25:01","modified_gmt":"2022-11-16T11:25:01","slug":"1004","status":"publish","type":"product","link":"https:\/\/get.braillard.ch\/en\/produit\/1004\/","title":{"rendered":"In\u00e9galit\u00e9s urbaines: Du projet utopique au d\u00e9veloppement durable"},"content":{"rendered":"<p style=\"margin-top: 0cm;\"><span lang=\"FR\" style=\"font-size: 12.0pt; font-family: 'Arial',sans-serif; color: black;\">Collection: VuesDensemble Essais<\/span><\/p>\n<p style=\"margin-top: 0cm;\"><span lang=\"FR\" style=\"font-size: 12.0pt; font-family: 'Arial',sans-serif; color: black;\">Ouvrage publi\u00e9 suite \u00e0 la<span class=\"apple-converted-space\">\u00a0<\/span><\/span><span lang=\"FR\"><a href=\"https:\/\/braillard.ch\/activites\/la-ville-des-riches-et-la-ville-des-pauvres\/\"><span style=\"font-size: 12.0pt; font-family: 'Arial',sans-serif; color: black;\">Journ\u00e9e Bernardo Secchi 2016<\/span><\/a><\/span><\/p>\n<p>&nbsp;<\/p>\n<p style=\"margin-top: 0cm;\"><span lang=\"FR\" style=\"font-size: 12.0pt; font-family: 'Arial',sans-serif; color: black;\">Rien ne garantit, aujourd\u2019hui, qu\u2019une \u00e9volution soutenable des soci\u00e9t\u00e9s humaines puisse \u00eatre atteinte. Mais dans\u202fla mesure o\u00f9 ce projet repr\u00e9sente notre seul horizon collectif possible, il sera \u00e0 la fois la cause et le r\u00e9sultat d\u2019un changement drastique de nos modes de vie qui ne pourra aboutir sans l\u2019adh\u00e9sion volontaire de chacun. Comme Bernardo Secchi l\u2019a soutenu \u00e0 diverses reprises, r\u00e9pondre \u00e0 cet imp\u00e9ratif \u00e9cologique r\u00e9clame avant tout de lutter contre les in\u00e9galit\u00e9s urbaines et de mettre en \u0153uvre une v\u00e9ritable politique de droit \u00e0 la ville.<\/span><\/p>\n<p style=\"margin-top: 0cm;\"><span lang=\"FR\" style=\"font-size: 12.0pt; font-family: 'Arial',sans-serif; color: black;\">Le pr\u00e9sent ouvrage \u00e9largit cette r\u00e9flexion et ouvre des perspectives th\u00e9oriques pour des projets de villes dont les enjeux spatiaux favorisent une soci\u00e9t\u00e9 soutenable universelle. \u00c0 travers l\u2019analyse de plusieurs cas concrets,<span class=\"apple-converted-space\">\u00a0<\/span><em><span style=\"font-family: 'Arial',sans-serif;\">In\u00e9galit\u00e9s urbaines<\/span><\/em><span class=\"apple-converted-space\">\u00a0<\/span>rend compte d\u2019une pens\u00e9e architecturale et urbaine qui croise les strat\u00e9gies sociales, la question des risques et la politique de la ville.<\/span><\/p>\n<p>&nbsp;<\/p>\n<h2>Contributions<\/h2>\n<p>&nbsp;<\/p>\n<p>David Ames, Thierry Apoth\u00e9loz, Am\u00e9lie Artis, Marko Bandler, <a href=\"https:\/\/braillard.ch\/trombinoscope\/marcellin-barthassat\/\">Marcellin Barthassat<\/a>, <a href=\"https:\/\/braillard.ch\/trombinoscope\/remi-baudoui-2\/\">R\u00e9mi Baudou\u00ef<\/a>, Michel Buergisser, Ayseg\u00fcl Cankat, Lucia Capanema \u00c1lvares, Marielly Casanova, Sabine Chardonnet Darmaillacq, <a href=\"https:\/\/braillard.ch\/trombinoscope\/elena-cogato-lanza\/\">Elena Cogato Lanza<\/a>, Alessandro Coppola, Arlette H\u00e9rat, Shin Alexandre Koseki, Collectif Learning From, Panos Mantziaras, Isabelle Milbert, Dario Negueruela Del Castillo, Gilles Novarina, Susan Parham, Cassia Rodrigues Da Silva, <a href=\"https:\/\/braillard.ch\/trombinoscope\/robert-sadleir-2\/\">Robert Sadleir<\/a>, St\u00e9phane Sadoux, Roberto Sega, <a href=\"https:\/\/braillard.ch\/trombinoscope\/paola-vigano\/\">Paola Vigan\u00f2<\/a>, Marwan Zouein.<\/p>\n","protected":false},"excerpt":{"rendered":"<p>Collection: VuesDensemble Essais Ouvrage publi\u00e9 suite \u00e0 la\u00a0Journ\u00e9e Bernardo Secchi 2016 &nbsp; Rien ne garantit, aujourd\u2019hui, qu\u2019une \u00e9volution soutenable des soci\u00e9t\u00e9s humaines puisse \u00eatre atteinte. Mais dans\u202fla mesure o\u00f9 ce projet repr\u00e9sente notre seul horizon collectif possible, il sera \u00e0 la fois la cause et le r\u00e9sultat d\u2019un changement drastique de nos modes de vie [&hellip;]<\/p>\n","protected":false},"featured_media":1005,"template":"","meta":[],"product_cat":[48,49],"product_tag":[58],"class_list":{"0":"post-1004","1":"product","2":"type-product","3":"status-publish","4":"has-post-thumbnail","6":"product_cat-boutique-de-la-fondation","7":"product_cat-livres","8":"product_tag-journees-bernardo-secchi","9":"product_shipping_class-envoi-gratuit","11":"first","12":"instock","13":"taxable","14":"shipping-taxable","15":"purchasable","16":"product-type-simple"},"acf":[],"_links":{"self":[{"href":"https:\/\/get.braillard.ch\/en\/wp-json\/wp\/v2\/product\/1004","targetHints":{"allow":["GET"]}}],"collection":[{"href":"https:\/\/get.braillard.ch\/en\/wp-json\/wp\/v2\/product"}],"about":[{"href":"https:\/\/get.braillard.ch\/en\/wp-json\/wp\/v2\/types\/product"}],"wp:featuredmedia":[{"embeddable":true,"href":"https:\/\/get.braillard.ch\/en\/wp-json\/wp\/v2\/media\/1005"}],"wp:attachment":[{"href":"https:\/\/get.braillard.ch\/en\/wp-json\/wp\/v2\/media?parent=1004"}],"wp:term":[{"taxonomy":"product_cat","embeddable":true,"href":"https:\/\/get.braillard.ch\/en\/wp-json\/wp\/v2\/product_cat?post=1004"},{"taxonomy":"product_tag","embeddable":true,"href":"https:\/\/get.braillard.ch\/en\/wp-json\/wp\/v2\/product_tag?post=1004"}],"curies":[{"name":"wp","href":"https:\/\/api.w.org\/{rel}","templated":true}]}}