{"id":1001,"date":"2022-10-19T16:27:00","date_gmt":"2022-10-19T14:27:00","guid":{"rendered":"https:\/\/get.braillard.ch\/?post_type=product&#038;p=1001"},"modified":"2025-04-13T08:59:26","modified_gmt":"2025-04-13T06:59:26","slug":"maurice-braillard-architecte-et-urbaniste","status":"publish","type":"product","link":"https:\/\/get.braillard.ch\/en\/produit\/maurice-braillard-architecte-et-urbaniste\/","title":{"rendered":"Maurice Braillard, architecte et urbaniste"},"content":{"rendered":"<p>Cet ouvrage monographique retrace de mani\u00e8re \u00e0 la fois th\u00e9matique et chronologique le parcours de l\u2019architecte et urbaniste Maurice Braillard. Il s\u2019attache aussi bien \u00e0 l\u2019\u0153uvre construite, \u00e0 l\u2019engagement associatif et politique qu\u2019\u00e0 son action de propagandiste et de chroniqueur dans la presse locale. Bref, il offre une vision large, panoramique. Surtout, il permet d\u2019appr\u00e9hender son \u0153uvre dans un r\u00e9seau dense de contacts. Des \u00e9changes \u00e0 l\u2019\u00e9chelle locale et nationale qu\u2019il entretient, tout au long de sa carri\u00e8re, avec les milieux artistiques et culturels, associatifs et sociaux et encore institutionnels et politiques.<\/p>\n<p>Le lecteur suit v\u00e9ritablement Maurice Braillard dans toutes les \u00e9tapes de sa riche carri\u00e8re\u00a0: de ses ann\u00e9es de formation dans le canton de Neuch\u00e2tel et de ses d\u00e9buts \u00e0 Gen\u00e8ve \u00e0 l\u2019affirmation, dans les ann\u00e9es 1920 et 1930, d\u2019une personnalit\u00e9 d\u2019architecte et d\u2019urbaniste de premier plan. De ses premi\u00e8res \u00e9coles mairies villageoises d\u2019inspiration r\u00e9gionalistes, on passe ainsi aux ensembles r\u00e9sidentiels urbains et autres \u00e9quipements d\u2019inspiration moderniste. De ses premi\u00e8res exp\u00e9riences sociales \u00e0 Ugine (1908) \u00e0 l\u2019avant-gardiste cit\u00e9 Vieusseux (1930) con\u00e7ue \u00e0 l\u2019image des <em>Siedlungen<\/em> allemandes. Des r\u00e9flexions d\u2019urbanisme \u00e0 l\u2019\u00e9chelle du quartier aux remarquables Plan directeur (1935) et Plan de zones (1936) qui portent respectivement sur la ville et le canton dans son ensemble.<\/p>\n<p>Mais l\u2019ouvrage vaut aussi par sa richesse documentaire\u00a0: il prend largement appui sur le fonds graphique et photographique de la Fondation Braillard Architectes et nombres d\u2019articles et coupures de presse d\u2019\u00e9poque. Enfin, il int\u00e9resse par la qualit\u00e9 de ses annexes\u00a0: bibliographie et inventaire syst\u00e9matique des r\u00e9alisations projets, mais aussi des articles de Maurice Braillard.<\/p>\n","protected":false},"excerpt":{"rendered":"<p>Cet ouvrage monographique retrace de mani\u00e8re \u00e0 la fois th\u00e9matique et chronologique le parcours de l\u2019architecte et urbaniste Maurice Braillard. Il s\u2019attache aussi bien \u00e0 l\u2019\u0153uvre construite, \u00e0 l\u2019engagement associatif et politique qu\u2019\u00e0 son action de propagandiste et de chroniqueur dans la presse locale. Bref, il offre une vision large, panoramique. Surtout, il permet d\u2019appr\u00e9hender [&hellip;]<\/p>\n","protected":false},"featured_media":1002,"template":"","meta":[],"product_cat":[48,49],"product_tag":[59],"class_list":{"0":"post-1001","1":"product","2":"type-product","3":"status-publish","4":"has-post-thumbnail","6":"product_cat-boutique-de-la-fondation","7":"product_cat-livres","8":"product_tag-architectes-braillard","9":"product_shipping_class-envoi-normal","11":"first","12":"instock","13":"taxable","14":"shipping-taxable","15":"purchasable","16":"product-type-simple"},"acf":[],"_links":{"self":[{"href":"https:\/\/get.braillard.ch\/en\/wp-json\/wp\/v2\/product\/1001","targetHints":{"allow":["GET"]}}],"collection":[{"href":"https:\/\/get.braillard.ch\/en\/wp-json\/wp\/v2\/product"}],"about":[{"href":"https:\/\/get.braillard.ch\/en\/wp-json\/wp\/v2\/types\/product"}],"wp:featuredmedia":[{"embeddable":true,"href":"https:\/\/get.braillard.ch\/en\/wp-json\/wp\/v2\/media\/1002"}],"wp:attachment":[{"href":"https:\/\/get.braillard.ch\/en\/wp-json\/wp\/v2\/media?parent=1001"}],"wp:term":[{"taxonomy":"product_cat","embeddable":true,"href":"https:\/\/get.braillard.ch\/en\/wp-json\/wp\/v2\/product_cat?post=1001"},{"taxonomy":"product_tag","embeddable":true,"href":"https:\/\/get.braillard.ch\/en\/wp-json\/wp\/v2\/product_tag?post=1001"}],"curies":[{"name":"wp","href":"https:\/\/api.w.org\/{rel}","templated":true}]}}